{"id":1442,"date":"2023-03-27T19:12:05","date_gmt":"2023-03-28T00:12:05","guid":{"rendered":"https:\/\/corseing.com.co\/?page_id=1442"},"modified":"2024-09-21T12:01:42","modified_gmt":"2024-09-21T17:01:42","slug":"turistica","status":"publish","type":"page","link":"https:\/\/corseing.com.co\/index.php\/servicios\/turistica\/","title":{"rendered":"Se\u00f1alizacion Turistica"},"content":{"rendered":"\n<div class=\"wp-block-uagb-container uagb-block-4bb232aa alignfull uagb-is-root-container\"><div class=\"uagb-container-inner-blocks-wrap\">\n<div class=\"wp-block-uagb-advanced-heading uagb-block-755a7ff8\"><h1 class=\"uagb-heading-text\">se\u00f1alizaci\u00f3n Tur\u00edstica<\/h1><\/div>\n<\/div><\/div>\n\n\n\n<div class=\"wp-block-uagb-container uagb-block-9068035a alignfull uagb-is-root-container\"><div class=\"uagb-container-inner-blocks-wrap\">\n<div class=\"wp-block-uagb-container uagb-block-d80d6fe2\">\n<div class=\"wp-block-uagb-advanced-heading uagb-block-5e85f56e\"><h2 class=\"uagb-heading-text\">importancia<\/h2><\/div>\n<\/div>\n\n\n\n<div class=\"wp-block-uagb-container uagb-block-d3bc4492\">\n<div class=\"wp-block-uagb-info-box uagb-block-ba11f74e uagb-infobox__content-wrap  uagb-infobox-icon-above-title uagb-infobox-image-valign-top\"><div class=\"uagb-ifb-content\"><div class=\"uagb-ifb-title-wrap\"><\/div><p class=\"uagb-ifb-desc\">Colombia tiene uno de los m\u00e1s altos \u00edndices en potencial tur\u00edstico de la regi\u00f3n, esto gracias a su ubicaci\u00f3n geogr\u00e1fica privilegiada y su variedad de pisos t\u00e9rmicos, adem\u00e1s de esto es una fuente de cultura e historia para el mundo. El turismo es una de las actividades econ\u00f3micas m\u00e1s importantes para nuestro pa\u00eds aportando en gran medida al PIB, es por esta raz\u00f3n que los gobiernos han invertido en mejorar las condiciones de este sector. Teniendo presente esto, es de vital importancia que los diferentes centros tur\u00edsticos cuenten con una se\u00f1alizaci\u00f3n adecuada, acorde a todos los lineamientos y normativas que rigen este tipo de actividad. Es en este punto que Corseing S.A.S se ha enfocado, siempre con la meta de realizar trabajos de calidad y que cumplan las necesidades de las comunidades. Contamos con m\u00e1s de 15 a\u00f1os de experiencia, en los cuales nos hemos posicionado como l\u00edderes a nivel nacional y regional, gracias a la calidad de nuestras materias primas, garantizando la eficacia de nuestros procesos y otorgando al cliente la satisfacci\u00f3n total de los proyectos.<\/p><\/div><\/div>\n<\/div>\n<\/div><\/div>\n\n\n\n<div class=\"wp-block-uagb-container uagb-block-4035008e alignfull uagb-is-root-container\"><div class=\"uagb-container-inner-blocks-wrap\">\n<div class=\"wp-block-uagb-container uagb-block-2fa63c78 alignfull uagb-is-root-container\"><div class=\"uagb-container-inner-blocks-wrap\">\n<div class=\"wp-block-uagb-container uagb-block-9621f99c\">\n<div class=\"wp-block-uagb-image uagb-block-f6e0f2fd wp-block-uagb-image--layout-default wp-block-uagb-image--effect-static wp-block-uagb-image--align-none\"><figure class=\"wp-block-uagb-image__figure\"><img decoding=\"async\" srcset=\"https:\/\/corseing.com.co\/wp-content\/uploads\/2023\/04\/Sin-titulo-700-\u00d7-700-px.png , http:\/\/jesvam.com\/wp-content\/uploads\/2021\/03\/personal-injury-template-car-accident-img.jpg 360w\" sizes=\"(max-width: 480px) 150px\" src=\"https:\/\/corseing.com.co\/wp-content\/uploads\/2023\/04\/Sin-titulo-700-\u00d7-700-px.png\" alt=\"\" class=\"uag-image-1656\" width=\"700\" height=\"700\" title=\"\" loading=\"lazy\"\/><\/figure><\/div>\n<\/div>\n\n\n\n<div class=\"wp-block-uagb-container uagb-block-cd04ad85\">\n<div class=\"wp-block-uagb-info-box uagb-block-5083bbd2 uagb-infobox__content-wrap  uagb-infobox-icon-above-title uagb-infobox-image-valign-top\"><div class=\"uagb-ifb-content\"><div class=\"uagb-ifb-title-wrap\"><h3 class=\"uagb-ifb-title\">Bandera Peatonal<\/h3><\/div><p class=\"uagb-ifb-desc\">Es una excelente soluci\u00f3n para los sistemas de se\u00f1alizaci\u00f3n vial peatonal, donde el usuario se pueda informar de manera precisa de los sitios mas representativos que est\u00e1n en su recorrido.<br>Los tama\u00f1os y materiales pueden variar de acuerdo a los contenidos y lugar donde se implemente la se\u00f1alizaci\u00f3n.<\/p><\/div><\/div>\n<\/div>\n<\/div><\/div>\n\n\n\n<div class=\"wp-block-uagb-container uagb-block-43d7e736 alignfull uagb-is-root-container\"><div class=\"uagb-container-inner-blocks-wrap\">\n<div class=\"wp-block-uagb-container uagb-block-dde00bf5\">\n<div class=\"wp-block-uagb-info-box uagb-block-9a728098 uagb-infobox__content-wrap  uagb-infobox-icon-above-title uagb-infobox-image-valign-top\"><div class=\"uagb-ifb-content\"><div class=\"uagb-ifb-title-wrap\"><h3 class=\"uagb-ifb-title\">Mogador Hist\u00f3rico<\/h3><\/div><p class=\"uagb-ifb-desc\">Esta compuesto por dos caras:<br>En el Cara A se encuentra una parte del mapa del municipio correspondiente, tomando como punto de referencia la iglesia, guiando al turista y posesion\u00e1ndolo frente a ella, como se muestra en el mapa ya mencionado; caracteriz\u00e1ndose de dar una ubicaci\u00f3n r\u00e1pida y precisa.<br>Para la orientaci\u00f3n del peat\u00f3n es mucho m\u00e1s f\u00e1cil orientar el mapa en sitio real al que se ubica el Mogador.<br>En la cara B se encuentra el mapa de rutas tur\u00edsticas de la regi\u00f3n.<\/p><\/div><\/div>\n<\/div>\n\n\n\n<div class=\"wp-block-uagb-container uagb-block-b8abc0d7\">\n<div class=\"wp-block-uagb-image aligncenter uagb-block-ba4125b7 wp-block-uagb-image--layout-default wp-block-uagb-image--effect-static wp-block-uagb-image--align-center\"><figure class=\"wp-block-uagb-image__figure\"><img decoding=\"async\" srcset=\"https:\/\/corseing.com.co\/wp-content\/uploads\/2023\/04\/WhatsApp-Image-2023-03-19-at-12.25.34-PM-3.jpeg , http:\/\/jesvam.com\/wp-content\/uploads\/2021\/03\/personal-injury-template-truck-accident.jpg 360w\" sizes=\"(max-width: 480px) 150px\" src=\"https:\/\/corseing.com.co\/wp-content\/uploads\/2023\/04\/WhatsApp-Image-2023-03-19-at-12.25.34-PM-3.jpeg\" alt=\"\" class=\"uag-image-1657\" width=\"438\" height=\"149\" title=\"\" loading=\"lazy\"\/><\/figure><\/div>\n<\/div>\n<\/div><\/div>\n\n\n\n<div class=\"wp-block-uagb-container uagb-block-ca903ae1 alignfull uagb-is-root-container\"><div class=\"uagb-container-inner-blocks-wrap\">\n<div class=\"wp-block-uagb-container uagb-block-09aa02fb\">\n<div class=\"wp-block-uagb-image uagb-block-88b0d44a wp-block-uagb-image--layout-default wp-block-uagb-image--effect-static wp-block-uagb-image--align-none\"><figure class=\"wp-block-uagb-image__figure\"><img decoding=\"async\" srcset=\"https:\/\/corseing.com.co\/wp-content\/uploads\/2023\/04\/Sin-titulo-700-\u00d7-700-px-700-\u00d7-600-px.png , http:\/\/jesvam.com\/wp-content\/uploads\/2021\/03\/personal-injury-template-car-accident-img.jpg 360w\" sizes=\"(max-width: 480px) 150px\" src=\"https:\/\/corseing.com.co\/wp-content\/uploads\/2023\/04\/Sin-titulo-700-\u00d7-700-px-700-\u00d7-600-px.png\" alt=\"\" class=\"uag-image-1658\" width=\"700\" height=\"600\" title=\"\" loading=\"lazy\"\/><\/figure><\/div>\n<\/div>\n\n\n\n<div class=\"wp-block-uagb-container uagb-block-b426dfb9\">\n<div class=\"wp-block-uagb-info-box uagb-block-c9e28b65 uagb-infobox__content-wrap  uagb-infobox-icon-above-title uagb-infobox-image-valign-top\"><div class=\"uagb-ifb-content\"><div class=\"uagb-ifb-title-wrap\"><h3 class=\"uagb-ifb-title\">Se\u00f1alizaci\u00f3n Museogr\u00e1fica<\/h3><\/div><p class=\"uagb-ifb-desc\">Corseing S.A.S. cuenta con un equipo Interdisciplinario capaz de organizar, analizar, y dise\u00f1ar soluciones en se\u00f1alizaci\u00f3n museogr\u00e1fica a nivel nacional, con altos est\u00e1ndares de calidad siguiendo criterios propios de cada espacio, historia, legado y\/o tradici\u00f3n que permite la conservaci\u00f3n intelectual de las reliquias hist\u00f3ricas.<br>Elaboradas en materiales de alta calidad, tintas vitrificables que garantizan una durabilidad prolongada en espacios exteriores.<\/p><\/div><\/div>\n<\/div>\n<\/div><\/div>\n\n\n\n<div class=\"wp-block-uagb-container uagb-block-e9fec7f5 alignfull uagb-is-root-container\"><div class=\"uagb-container-inner-blocks-wrap\">\n<div class=\"wp-block-uagb-container uagb-block-71154266\">\n<div class=\"wp-block-uagb-info-box uagb-block-45ef3b4a uagb-infobox__content-wrap  uagb-infobox-icon-above-title uagb-infobox-image-valign-top\"><div class=\"uagb-ifb-content\"><div class=\"uagb-ifb-title-wrap\"><h3 class=\"uagb-ifb-title\">Se\u00f1alizaci\u00f3n Parques Nacionales<\/h3><\/div><p class=\"uagb-ifb-desc\">La se\u00f1alizaci\u00f3n de Parques Nacionales comprende la t\u00e9cnica de ruteado de madera los materiales utilizados para su construcci\u00f3n son maderas finas t\u00e9cnicamente tratadas pre-secadas inmunizadas, pinturas de base poliuretano para maximizar su durabilidad en climas fr\u00edos y h\u00famedos Corseing Sas. Cuenta con la infraestructura, maquinaria y personal capacitado para organizar dise\u00f1ar y construir este tipo de se\u00f1alizaci\u00f3n.<\/p><\/div><\/div>\n<\/div>\n\n\n\n<div class=\"wp-block-uagb-container uagb-block-dc119042\">\n<div class=\"wp-block-uagb-image aligncenter uagb-block-18cc3203 wp-block-uagb-image--layout-default wp-block-uagb-image--effect-static wp-block-uagb-image--align-center\"><figure class=\"wp-block-uagb-image__figure\"><img decoding=\"async\" srcset=\"https:\/\/corseing.com.co\/wp-content\/uploads\/2023\/06\/WhatsApp-Image-2023-06-04-at-6.31.46-PM-1024x768.jpeg , http:\/\/jesvam.com\/wp-content\/uploads\/2021\/03\/personal-injury-template-truck-accident.jpg 360w\" sizes=\"(max-width: 480px) 150px\" src=\"https:\/\/corseing.com.co\/wp-content\/uploads\/2023\/06\/WhatsApp-Image-2023-06-04-at-6.31.46-PM-1024x768.jpeg\" alt=\"\" class=\"uag-image-1898\" width=\"1024\" height=\"768\" title=\"\" loading=\"lazy\"\/><\/figure><\/div>\n<\/div>\n<\/div><\/div>\n<\/div><\/div>\n\n\n\n<div class=\"wp-block-uagb-container uagb-block-5a871bfb alignfull uagb-is-root-container\"><div class=\"uagb-container-inner-blocks-wrap\">\n<div class=\"wp-block-uagb-container uagb-block-68fd9e87\">\n<div class=\"wp-block-uagb-container uagb-block-96dfd535\">\n<div class=\"wp-block-uagb-image aligncenter uagb-block-728dd239 wp-block-uagb-image--layout-default wp-block-uagb-image--effect-static wp-block-uagb-image--align-center\"><figure class=\"wp-block-uagb-image__figure\"><img decoding=\"async\" srcset=\"https:\/\/corseing.com.co\/wp-content\/uploads\/2023\/03\/1-proyectos-3.png , https:\/\/corseing.com.co\/wp-content\/uploads\/2023\/03\/1-proyectos-3.png 360w\" sizes=\"(max-width: 480px) 150px\" src=\"https:\/\/corseing.com.co\/wp-content\/uploads\/2023\/03\/1-proyectos-3.png\" alt=\"\" class=\"uag-image-1264\" width=\"400\" height=\"400\" title=\"\" loading=\"lazy\"\/><\/figure><\/div>\n<\/div>\n<\/div>\n\n\n\n<div class=\"wp-block-uagb-container uagb-block-0894a027\">\n<div class=\"wp-block-uagb-container uagb-block-81208d8d\">\n<div class=\"wp-block-uagb-advanced-heading uagb-block-c34b6693\"><h2 class=\"uagb-heading-text\">cotiza tu proyecto:<\/h2><\/div>\n\n\n<div class=\"wpforms-container wpforms-block wpforms-block-04d8ff6d-503d-4edd-a4fa-3029295e62bc\" id=\"wpforms-895\"><form id=\"wpforms-form-895\" class=\"wpforms-validate wpforms-form\" data-formid=\"895\" method=\"post\" enctype=\"multipart\/form-data\" action=\"\/index.php\/wp-json\/wp\/v2\/pages\/1442\" data-token=\"68f0c4df23883842c2c2ac8b80130c78\" data-token-time=\"1778759179\"><noscript class=\"wpforms-error-noscript\">Por favor, activa JavaScript en tu navegador para completar este formulario.<\/noscript><div class=\"wpforms-field-container\"><div id=\"wpforms-895-field_0-container\" class=\"wpforms-field wpforms-field-name\" data-field-id=\"0\"><label class=\"wpforms-field-label wpforms-label-hide\" for=\"wpforms-895-field_0\">Nombre <span class=\"wpforms-required-label\">*<\/span><\/label><input type=\"text\" id=\"wpforms-895-field_0\" class=\"wpforms-field-large wpforms-field-required\" name=\"wpforms[fields][0]\" placeholder=\"Tu nombre\" required><\/div><div id=\"wpforms-895-field_1-container\" class=\"wpforms-field wpforms-field-email\" data-field-id=\"1\"><label class=\"wpforms-field-label wpforms-label-hide\" for=\"wpforms-895-field_1\">Email <span class=\"wpforms-required-label\">*<\/span><\/label><input type=\"email\" id=\"wpforms-895-field_1\" class=\"wpforms-field-large wpforms-field-required\" name=\"wpforms[fields][1]\" placeholder=\"Direcci\u00f3n de email\" spellcheck=\"false\" required><\/div><div id=\"wpforms-895-field_6-container\" class=\"wpforms-field wpforms-field-number\" data-field-id=\"6\"><label class=\"wpforms-field-label wpforms-label-hide\" for=\"wpforms-895-field_6\">Celular<\/label><input type=\"number\" id=\"wpforms-895-field_6\" class=\"wpforms-field-large\" name=\"wpforms[fields][6]\" placeholder=\"Numero de celular\" ><\/div><div id=\"wpforms-895-field_2-container\" class=\"wpforms-field wpforms-field-textarea\" data-field-id=\"2\"><label class=\"wpforms-field-label wpforms-label-hide\" for=\"wpforms-895-field_2\">Asunto <span class=\"wpforms-required-label\">*<\/span><\/label><textarea id=\"wpforms-895-field_2\" class=\"wpforms-field-medium wpforms-field-required\" name=\"wpforms[fields][2]\" placeholder=\"\u00bfQue servicio requieres?\" required><\/textarea><\/div><\/div><!-- .wpforms-field-container --><div class=\"wpforms-field wpforms-field-hp\"><label for=\"wpforms-895-field-hp\" class=\"wpforms-field-label\">Message<\/label><input type=\"text\" name=\"wpforms[hp]\" id=\"wpforms-895-field-hp\" class=\"wpforms-field-medium\"><\/div><div class=\"wpforms-submit-container\" ><input type=\"hidden\" name=\"wpforms[id]\" value=\"895\"><input type=\"hidden\" name=\"page_title\" value=\"\"><input type=\"hidden\" name=\"page_url\" value=\"https:\/\/corseing.com.co\/index.php\/wp-json\/wp\/v2\/pages\/1442\"><button type=\"submit\" name=\"wpforms[submit]\" id=\"wpforms-submit-895\" class=\"wpforms-submit\" data-alt-text=\"Enviando...\" data-submit-text=\"Enviar\" aria-live=\"assertive\" value=\"wpforms-submit\">Enviar<\/button><\/div><\/form><\/div>  <!-- .wpforms-container --><\/div>\n<\/div>\n<\/div><\/div>\n\n\n\n<div class=\"wp-block-uagb-image alignfull uagb-block-96c39d11 wp-block-uagb-image--layout-default wp-block-uagb-image--effect-static wp-block-uagb-image--align-full uag-hide-tab uag-hide-mob\"><figure class=\"wp-block-uagb-image__figure\"><img decoding=\"async\" srcset=\"https:\/\/corseing.com.co\/wp-content\/uploads\/2023\/03\/CLIENTES-CORSEING-1-2.png , https:\/\/corseing.com.co\/wp-content\/uploads\/2023\/03\/CLIENTES-CORSEING-1-2-1024x85.png 360w\" sizes=\"(max-width: 480px) 150px\" src=\"https:\/\/corseing.com.co\/wp-content\/uploads\/2023\/03\/CLIENTES-CORSEING-1-2.png\" alt=\"\" class=\"uag-image-1268\" width=\"3000\" height=\"250\" title=\"\" loading=\"lazy\"\/><\/figure><\/div>\n\n\n\n<div class=\"wp-block-uagb-image aligncenter uagb-block-f291d94a wp-block-uagb-image--layout-default wp-block-uagb-image--effect-static wp-block-uagb-image--align-center uag-hide-desktop\"><figure class=\"wp-block-uagb-image__figure\"><img decoding=\"async\" srcset=\"https:\/\/corseing.com.co\/wp-content\/uploads\/2023\/03\/Copia-de-CLIENTES-CORSEING-1500-\u00d7-450-px-1250-\u00d7-400-px.png , https:\/\/corseing.com.co\/wp-content\/uploads\/2023\/03\/Copia-de-CLIENTES-CORSEING-1500-\u00d7-450-px-1250-\u00d7-400-px.png 360w\" sizes=\"(max-width: 480px) 150px\" src=\"https:\/\/corseing.com.co\/wp-content\/uploads\/2023\/03\/Copia-de-CLIENTES-CORSEING-1500-\u00d7-450-px-1250-\u00d7-400-px.png\" alt=\"\" class=\"uag-image-1489\" width=\"938\" height=\"300\" title=\"\" loading=\"lazy\"\/><\/figure><\/div>\n\n\n\n<div style=\"height:30px\" aria-hidden=\"true\" class=\"wp-block-spacer\"><\/div>\n","protected":false},"excerpt":{"rendered":"<p>se\u00f1alizaci\u00f3n Tur\u00edstica importancia cotiza tu proyecto:<\/p>\n","protected":false},"author":1,"featured_media":0,"parent":922,"menu_order":0,"comment_status":"closed","ping_status":"closed","template":"","meta":{"_uag_custom_page_level_css":"","site-sidebar-layout":"default","site-content-layout":"plain-container","ast-global-header-display":"","ast-main-header-display":"","ast-hfb-above-header-display":"","ast-hfb-below-header-display":"","ast-hfb-mobile-header-display":"","site-post-title":"disabled","ast-breadcrumbs-content":"","ast-featured-img":"","footer-sml-layout":"","theme-transparent-header-meta":"enabled","adv-header-id-meta":"","stick-header-meta":"","header-above-stick-meta":"","header-main-stick-meta":"","header-below-stick-meta":"","_joinchat":[],"footnotes":""},"uagb_featured_image_src":{"full":false,"thumbnail":false,"medium":false,"medium_large":false,"large":false,"1536x1536":false,"2048x2048":false},"uagb_author_info":{"display_name":"rodyavila04@gmail.com","author_link":"https:\/\/corseing.com.co\/index.php\/author\/rodyavila04gmail-com\/"},"uagb_comment_info":0,"uagb_excerpt":"se\u00f1alizaci\u00f3n Tur\u00edstica importancia cotiza tu proyecto:","_links":{"self":[{"href":"https:\/\/corseing.com.co\/index.php\/wp-json\/wp\/v2\/pages\/1442"}],"collection":[{"href":"https:\/\/corseing.com.co\/index.php\/wp-json\/wp\/v2\/pages"}],"about":[{"href":"https:\/\/corseing.com.co\/index.php\/wp-json\/wp\/v2\/types\/page"}],"author":[{"embeddable":true,"href":"https:\/\/corseing.com.co\/index.php\/wp-json\/wp\/v2\/users\/1"}],"replies":[{"embeddable":true,"href":"https:\/\/corseing.com.co\/index.php\/wp-json\/wp\/v2\/comments?post=1442"}],"version-history":[{"count":22,"href":"https:\/\/corseing.com.co\/index.php\/wp-json\/wp\/v2\/pages\/1442\/revisions"}],"predecessor-version":[{"id":2031,"href":"https:\/\/corseing.com.co\/index.php\/wp-json\/wp\/v2\/pages\/1442\/revisions\/2031"}],"up":[{"embeddable":true,"href":"https:\/\/corseing.com.co\/index.php\/wp-json\/wp\/v2\/pages\/922"}],"wp:attachment":[{"href":"https:\/\/corseing.com.co\/index.php\/wp-json\/wp\/v2\/media?parent=1442"}],"curies":[{"name":"wp","href":"https:\/\/api.w.org\/{rel}","templated":true}]}}