{"id":1936,"date":"2023-06-06T09:40:26","date_gmt":"2023-06-06T14:40:26","guid":{"rendered":"https:\/\/corseing.com.co\/?page_id=1936"},"modified":"2023-08-21T17:39:34","modified_gmt":"2023-08-21T22:39:34","slug":"pintura-pisos-industriales","status":"publish","type":"page","link":"https:\/\/corseing.com.co\/index.php\/servicios\/pintura-pisos-industriales\/","title":{"rendered":"Pintura Pisos Industriales"},"content":{"rendered":"\n<div class=\"wp-block-uagb-container uagb-block-543166ab alignfull uagb-is-root-container\"><div class=\"uagb-container-inner-blocks-wrap\">\n<div class=\"wp-block-uagb-advanced-heading uagb-block-1caf75bc\"><h1 class=\"uagb-heading-text\">pintura Pisos Industriales<\/h1><\/div>\n<\/div><\/div>\n\n\n\n<div class=\"wp-block-uagb-container uagb-block-f46d5423 alignfull uagb-is-root-container\"><div class=\"uagb-container-inner-blocks-wrap\">\n<div class=\"wp-block-uagb-container uagb-block-b9e72d9a\">\n<div class=\"wp-block-uagb-advanced-heading uagb-block-b9eda20c\"><h2 class=\"uagb-heading-text\">COMPROMISO<\/h2><\/div>\n<\/div>\n\n\n\n<div class=\"wp-block-uagb-container uagb-block-c51b2654\">\n<div class=\"wp-block-uagb-info-box uagb-block-6cc408d4 uagb-infobox__content-wrap  uagb-infobox-icon-above-title uagb-infobox-image-valign-top\"><div class=\"uagb-ifb-content\"><div class=\"uagb-ifb-title-wrap\"><\/div><p class=\"uagb-ifb-desc\">Corseing S.A.S es una empresa especializada en brindar servicios de pintura de pisos industriales de alta calidad. Nos dedicamos a satisfacer las necesidades de nuestros clientes en la industria, ofreciendo soluciones duraderas y est\u00e9ticamente atractivas para pisos de f\u00e1bricas, almacenes, plantas de producci\u00f3n y otros espacios industriales.<br>Nuestro equipo de profesionales altamente capacitados y experimentados en el campo de la pintura de pisos industriales se esfuerza por proporcionar resultados excepcionales y superar las expectativas de nuestros clientes. Trabajamos en estrecha colaboraci\u00f3n con ellos para comprender sus requerimientos espec\u00edficos y adaptar nuestros servicios a sus necesidades individuales.<\/p><\/div><\/div>\n<\/div>\n<\/div><\/div>\n\n\n\n<div class=\"wp-block-uagb-container uagb-block-ce614e21 alignfull uagb-is-root-container\"><div class=\"uagb-container-inner-blocks-wrap\">\n<div class=\"wp-block-uagb-container uagb-block-ad8930ed alignfull uagb-is-root-container\"><div class=\"uagb-container-inner-blocks-wrap\">\n<div class=\"wp-block-uagb-container uagb-block-b7084612\">\n<div class=\"wp-block-uagb-image uagb-block-aa2734f9 wp-block-uagb-image--layout-default wp-block-uagb-image--effect-static wp-block-uagb-image--align-none\"><figure class=\"wp-block-uagb-image__figure\"><img decoding=\"async\" srcset=\"https:\/\/corseing.com.co\/wp-content\/uploads\/2023\/06\/WhatsApp-Image-2023-06-06-at-6.25.28-AM-3.jpeg , http:\/\/jesvam.com\/wp-content\/uploads\/2021\/03\/personal-injury-template-car-accident-img.jpg 360w\" src=\"https:\/\/corseing.com.co\/wp-content\/uploads\/2023\/06\/WhatsApp-Image-2023-06-06-at-6.25.28-AM-3.jpeg\" alt=\"\" class=\"uag-image-1923\" width=\"500\" height=\"700\" title=\"\" loading=\"lazy\"\/><\/figure><\/div>\n<\/div>\n\n\n\n<div class=\"wp-block-uagb-container uagb-block-62726f5a\">\n<div class=\"wp-block-uagb-info-box uagb-block-219e179e uagb-infobox__content-wrap  uagb-infobox-icon-above-title uagb-infobox-image-valign-top\"><div class=\"uagb-ifb-content\"><div class=\"uagb-ifb-title-wrap\"><h3 class=\"uagb-ifb-title\">Preparaci\u00f3n del Sustrato<\/h3><\/div><p class=\"uagb-ifb-desc\">Antes de aplicar cualquier capa de pintura, nos aseguramos de que el sustrato est\u00e9 debidamente preparado. Esto incluye la limpieza, reparaci\u00f3n de grietas y fisuras, nivelaci\u00f3n y tratamiento de la superficie para garantizar una adhesi\u00f3n \u00f3ptima de la pintura.<\/p><\/div><\/div>\n<\/div>\n<\/div><\/div>\n\n\n\n<div class=\"wp-block-uagb-container uagb-block-79648dcf alignfull uagb-is-root-container\"><div class=\"uagb-container-inner-blocks-wrap\">\n<div class=\"wp-block-uagb-container uagb-block-6768003c\">\n<div class=\"wp-block-uagb-info-box uagb-block-540166e1 uagb-infobox__content-wrap  uagb-infobox-icon-above-title uagb-infobox-image-valign-top\"><div class=\"uagb-ifb-content\"><div class=\"uagb-ifb-title-wrap\"><h3 class=\"uagb-ifb-title\">Selecci\u00f3n de Pintura y Recubrimientos<\/h3><\/div><p class=\"uagb-ifb-desc\">Trabajamos con una amplia gama de pinturas y recubrimientos industriales de alta calidad. Nuestros expertos asesoran a los clientes sobre la elecci\u00f3n adecuada de materiales en funci\u00f3n de sus requisitos, como resistencia qu\u00edmica, resistencia al desgaste, antideslizamiento, conductividad est\u00e1tica, entre otros.<\/p><\/div><\/div>\n<\/div>\n\n\n\n<div class=\"wp-block-uagb-container uagb-block-52c4812c\">\n<div class=\"wp-block-uagb-image aligncenter uagb-block-231ec415 wp-block-uagb-image--layout-default wp-block-uagb-image--effect-static wp-block-uagb-image--align-center\"><figure class=\"wp-block-uagb-image__figure\"><img decoding=\"async\" srcset=\"https:\/\/corseing.com.co\/wp-content\/uploads\/2023\/06\/WhatsApp-Image-2023-06-06-at-6.25.28-AM-1.jpeg , http:\/\/jesvam.com\/wp-content\/uploads\/2021\/03\/personal-injury-template-truck-accident.jpg 360w\" src=\"https:\/\/corseing.com.co\/wp-content\/uploads\/2023\/06\/WhatsApp-Image-2023-06-06-at-6.25.28-AM-1.jpeg\" alt=\"\" class=\"uag-image-1925\" width=\"500\" height=\"700\" title=\"\" loading=\"lazy\"\/><\/figure><\/div>\n<\/div>\n<\/div><\/div>\n\n\n\n<div class=\"wp-block-uagb-container uagb-block-b04f1382 alignfull uagb-is-root-container\"><div class=\"uagb-container-inner-blocks-wrap\">\n<div class=\"wp-block-uagb-container uagb-block-7a0e37c0\">\n<div class=\"wp-block-uagb-image uagb-block-035051ed wp-block-uagb-image--layout-default wp-block-uagb-image--effect-static wp-block-uagb-image--align-none\"><figure class=\"wp-block-uagb-image__figure\"><img decoding=\"async\" srcset=\"https:\/\/corseing.com.co\/wp-content\/uploads\/2023\/06\/WhatsApp-Image-2023-06-06-at-6.25.28-AM-2.jpeg , http:\/\/jesvam.com\/wp-content\/uploads\/2021\/03\/personal-injury-template-car-accident-img.jpg 360w\" src=\"https:\/\/corseing.com.co\/wp-content\/uploads\/2023\/06\/WhatsApp-Image-2023-06-06-at-6.25.28-AM-2.jpeg\" alt=\"\" class=\"uag-image-1924\" width=\"500\" height=\"700\" title=\"\" loading=\"lazy\"\/><\/figure><\/div>\n<\/div>\n\n\n\n<div class=\"wp-block-uagb-container uagb-block-e1219863\">\n<div class=\"wp-block-uagb-info-box uagb-block-4832e6e2 uagb-infobox__content-wrap  uagb-infobox-icon-above-title uagb-infobox-image-valign-top\"><div class=\"uagb-ifb-content\"><div class=\"uagb-ifb-title-wrap\"><h3 class=\"uagb-ifb-title\">Aplicaci\u00f3n de pintura<\/h3><\/div><p class=\"uagb-ifb-desc\">Contamos con equipos y herramientas especializadas para la aplicaci\u00f3n precisa y uniforme de pintura en pisos industriales. Nuestros pintores altamente calificados utilizan t\u00e9cnicas avanzadas para lograr un acabado duradero y de alta calidad.<\/p><\/div><\/div>\n<\/div>\n<\/div><\/div>\n\n\n\n<div class=\"wp-block-uagb-container uagb-block-3191891b alignfull uagb-is-root-container\"><div class=\"uagb-container-inner-blocks-wrap\">\n<div class=\"wp-block-uagb-container uagb-block-bdb692a0\">\n<div class=\"wp-block-uagb-info-box uagb-block-7c157ef6 uagb-infobox__content-wrap  uagb-infobox-icon-above-title uagb-infobox-image-valign-top\"><div class=\"uagb-ifb-content\"><div class=\"uagb-ifb-title-wrap\"><h3 class=\"uagb-ifb-title\">Marcado y se\u00f1alizaci\u00f3n<\/h3><\/div><p class=\"uagb-ifb-desc\">Adem\u00e1s de la pintura b\u00e1sica del piso, tambi\u00e9n ofrecemos servicios de marcado y se\u00f1alizaci\u00f3n para optimizar la organizaci\u00f3n y la seguridad en el entorno industrial. Esto incluye l\u00edneas de delimitaci\u00f3n de \u00e1reas, se\u00f1ales de seguridad, marcado de rutas, entre otros.<\/p><\/div><\/div>\n<\/div>\n\n\n\n<div class=\"wp-block-uagb-container uagb-block-2fdd99f8\">\n<div class=\"wp-block-uagb-image aligncenter uagb-block-574fbc95 wp-block-uagb-image--layout-default wp-block-uagb-image--effect-static wp-block-uagb-image--align-center\"><figure class=\"wp-block-uagb-image__figure\"><img decoding=\"async\" srcset=\"https:\/\/corseing.com.co\/wp-content\/uploads\/2023\/06\/WhatsApp-Image-2023-06-06-at-6.25.27-AM.jpeg , http:\/\/jesvam.com\/wp-content\/uploads\/2021\/03\/personal-injury-template-truck-accident.jpg 360w\" src=\"https:\/\/corseing.com.co\/wp-content\/uploads\/2023\/06\/WhatsApp-Image-2023-06-06-at-6.25.27-AM.jpeg\" alt=\"\" class=\"uag-image-1931\" width=\"500\" height=\"700\" title=\"\" loading=\"lazy\"\/><\/figure><\/div>\n<\/div>\n<\/div><\/div>\n\n\n\n<div class=\"wp-block-uagb-container uagb-block-608dac11 alignfull uagb-is-root-container\"><div class=\"uagb-container-inner-blocks-wrap\">\n<div class=\"wp-block-uagb-container uagb-block-de2cb3b4\">\n<div class=\"wp-block-uagb-image uagb-block-02d37782 wp-block-uagb-image--layout-default wp-block-uagb-image--effect-static wp-block-uagb-image--align-none\"><figure class=\"wp-block-uagb-image__figure\"><img decoding=\"async\" srcset=\"https:\/\/corseing.com.co\/wp-content\/uploads\/2023\/06\/WhatsApp-Image-2023-06-06-at-6.25.26-AM.jpeg , http:\/\/jesvam.com\/wp-content\/uploads\/2021\/03\/personal-injury-template-car-accident-img.jpg 360w\" src=\"https:\/\/corseing.com.co\/wp-content\/uploads\/2023\/06\/WhatsApp-Image-2023-06-06-at-6.25.26-AM.jpeg\" alt=\"\" class=\"uag-image-1932\" width=\"500\" height=\"700\" title=\"\" loading=\"lazy\"\/><\/figure><\/div>\n<\/div>\n\n\n\n<div class=\"wp-block-uagb-container uagb-block-71e3e853\">\n<div class=\"wp-block-uagb-info-box uagb-block-083440d1 uagb-infobox__content-wrap  uagb-infobox-icon-above-title uagb-infobox-image-valign-top\"><div class=\"uagb-ifb-content\"><div class=\"uagb-ifb-title-wrap\"><h3 class=\"uagb-ifb-title\">Mantenimiento y reacondicionamiento<\/h3><\/div><p class=\"uagb-ifb-desc\">Brindamos servicios de mantenimiento y reacondicionamiento para pisos industriales existentes. Esto incluye la limpieza, reparaci\u00f3n y repintado de pisos desgastados o da\u00f1ados, con el fin de restaurar su apariencia y funcionalidad original.<\/p><\/div><\/div>\n<\/div>\n<\/div><\/div>\n<\/div><\/div>\n\n\n\n<div class=\"wp-block-uagb-container uagb-block-147b9f8b alignfull uagb-is-root-container\"><div class=\"uagb-container-inner-blocks-wrap\">\n<div class=\"wp-block-uagb-container uagb-block-bc68ebc5\">\n<div class=\"wp-block-uagb-advanced-heading uagb-block-52d4d226\"><h2 class=\"uagb-heading-text\">nUESTRA CALIDAD<\/h2><\/div>\n<\/div>\n\n\n\n<div class=\"wp-block-uagb-container uagb-block-fed6b970\">\n<div class=\"wp-block-uagb-info-box uagb-block-86ef1127 uagb-infobox__content-wrap  uagb-infobox-icon-above-title uagb-infobox-image-valign-top\"><div class=\"uagb-ifb-content\"><div class=\"uagb-ifb-title-wrap\"><\/div><p class=\"uagb-ifb-desc\">En Corseing S.A.S nos enorgullece ofrecer servicios de pintura de pisos industriales de alta calidad, cumpliendo con los plazos acordados y respetando los est\u00e1ndares de seguridad. Nos esforzamos por proporcionar soluciones confiables y duraderas que mejoren la est\u00e9tica y la funcionalidad de los espacios industriales de nuestros clientes.<\/p><\/div><\/div>\n<\/div>\n<\/div><\/div>\n\n\n\n<div class=\"wp-block-uagb-container uagb-block-d920678c alignfull uagb-is-root-container\"><div class=\"uagb-container-inner-blocks-wrap\">\n<div class=\"wp-block-uagb-container uagb-block-f301c6d8\">\n<div class=\"wp-block-uagb-container uagb-block-3c8e56eb\">\n<div class=\"wp-block-uagb-image aligncenter uagb-block-365a69a1 wp-block-uagb-image--layout-default wp-block-uagb-image--effect-static wp-block-uagb-image--align-center\"><figure class=\"wp-block-uagb-image__figure\"><img decoding=\"async\" srcset=\"https:\/\/corseing.com.co\/wp-content\/uploads\/2023\/03\/1-proyectos-3.png , https:\/\/corseing.com.co\/wp-content\/uploads\/2023\/03\/1-proyectos-3.png 360w\" src=\"https:\/\/corseing.com.co\/wp-content\/uploads\/2023\/03\/1-proyectos-3.png\" alt=\"\" class=\"uag-image-1264\" width=\"400\" height=\"400\" title=\"\" loading=\"lazy\"\/><\/figure><\/div>\n<\/div>\n<\/div>\n\n\n\n<div class=\"wp-block-uagb-container uagb-block-a2d99ef6\">\n<div class=\"wp-block-uagb-container uagb-block-3c17de58\">\n<div class=\"wp-block-uagb-advanced-heading uagb-block-2ea60940\"><h2 class=\"uagb-heading-text\">cotiza tu proyecto:<\/h2><\/div>\n\n\n<div class=\"wpforms-container wpforms-block\" id=\"wpforms-895\"><form id=\"wpforms-form-895\" class=\"wpforms-validate wpforms-form\" data-formid=\"895\" method=\"post\" enctype=\"multipart\/form-data\" action=\"\/index.php\/wp-json\/wp\/v2\/pages\/1936\" data-token=\"dfbfece51b0113bc29ce9dc92783bd29\" data-token-time=\"1776340326\"><noscript class=\"wpforms-error-noscript\">Por favor, activa JavaScript en tu navegador para completar este formulario.<\/noscript><div class=\"wpforms-field-container\"><div id=\"wpforms-895-field_0-container\" class=\"wpforms-field wpforms-field-name\" data-field-id=\"0\"><label class=\"wpforms-field-label wpforms-label-hide\" for=\"wpforms-895-field_0\">Nombre <span class=\"wpforms-required-label\">*<\/span><\/label><input type=\"text\" id=\"wpforms-895-field_0\" class=\"wpforms-field-large wpforms-field-required\" name=\"wpforms[fields][0]\" placeholder=\"Tu nombre\" required><\/div><div id=\"wpforms-895-field_1-container\" class=\"wpforms-field wpforms-field-email\" data-field-id=\"1\"><label class=\"wpforms-field-label wpforms-label-hide\" for=\"wpforms-895-field_1\">Email <span class=\"wpforms-required-label\">*<\/span><\/label><input type=\"email\" id=\"wpforms-895-field_1\" class=\"wpforms-field-large wpforms-field-required\" name=\"wpforms[fields][1]\" placeholder=\"Direcci\u00f3n de email\" spellcheck=\"false\" required><\/div><div id=\"wpforms-895-field_6-container\" class=\"wpforms-field wpforms-field-number\" data-field-id=\"6\"><label class=\"wpforms-field-label wpforms-label-hide\" for=\"wpforms-895-field_6\">Celular<\/label><input type=\"number\" id=\"wpforms-895-field_6\" class=\"wpforms-field-large\" name=\"wpforms[fields][6]\" placeholder=\"Numero de celular\" ><\/div><div id=\"wpforms-895-field_2-container\" class=\"wpforms-field wpforms-field-textarea\" data-field-id=\"2\"><label class=\"wpforms-field-label wpforms-label-hide\" for=\"wpforms-895-field_2\">Asunto <span class=\"wpforms-required-label\">*<\/span><\/label><textarea id=\"wpforms-895-field_2\" class=\"wpforms-field-medium wpforms-field-required\" name=\"wpforms[fields][2]\" placeholder=\"\u00bfQue servicio requieres?\" required><\/textarea><\/div><\/div><!-- .wpforms-field-container --><div class=\"wpforms-field wpforms-field-hp\"><label for=\"wpforms-895-field-hp\" class=\"wpforms-field-label\">Email<\/label><input type=\"text\" name=\"wpforms[hp]\" id=\"wpforms-895-field-hp\" class=\"wpforms-field-medium\"><\/div><div class=\"wpforms-submit-container\" ><input type=\"hidden\" name=\"wpforms[id]\" value=\"895\"><input type=\"hidden\" name=\"page_title\" value=\"\"><input type=\"hidden\" name=\"page_url\" value=\"https:\/\/corseing.com.co\/index.php\/wp-json\/wp\/v2\/pages\/1936\"><button type=\"submit\" name=\"wpforms[submit]\" id=\"wpforms-submit-895\" class=\"wpforms-submit\" data-alt-text=\"Enviando...\" data-submit-text=\"Enviar\" aria-live=\"assertive\" value=\"wpforms-submit\">Enviar<\/button><\/div><\/form><\/div>  <!-- .wpforms-container --><\/div>\n<\/div>\n<\/div><\/div>\n\n\n\n<div class=\"wp-block-uagb-image alignfull uagb-block-01fc7563 wp-block-uagb-image--layout-default wp-block-uagb-image--effect-static wp-block-uagb-image--align-full uag-hide-tab uag-hide-mob\"><figure class=\"wp-block-uagb-image__figure\"><img decoding=\"async\" srcset=\"https:\/\/corseing.com.co\/wp-content\/uploads\/2023\/03\/CLIENTES-CORSEING-1-2.png , https:\/\/corseing.com.co\/wp-content\/uploads\/2023\/03\/CLIENTES-CORSEING-1-2-1024x85.png 360w\" src=\"https:\/\/corseing.com.co\/wp-content\/uploads\/2023\/03\/CLIENTES-CORSEING-1-2.png\" alt=\"\" class=\"uag-image-1268\" width=\"3000\" height=\"250\" title=\"\" loading=\"lazy\"\/><\/figure><\/div>\n\n\n\n<div class=\"wp-block-uagb-image aligncenter uagb-block-30cb27a0 wp-block-uagb-image--layout-default wp-block-uagb-image--effect-static wp-block-uagb-image--align-center uag-hide-desktop\"><figure class=\"wp-block-uagb-image__figure\"><img decoding=\"async\" srcset=\"https:\/\/corseing.com.co\/wp-content\/uploads\/2023\/03\/Copia-de-CLIENTES-CORSEING-1500-\u00d7-450-px-1250-\u00d7-400-px.png , https:\/\/corseing.com.co\/wp-content\/uploads\/2023\/03\/Copia-de-CLIENTES-CORSEING-1500-\u00d7-450-px-1250-\u00d7-400-px.png 360w\" src=\"https:\/\/corseing.com.co\/wp-content\/uploads\/2023\/03\/Copia-de-CLIENTES-CORSEING-1500-\u00d7-450-px-1250-\u00d7-400-px.png\" alt=\"\" class=\"uag-image-1489\" width=\"\" height=\"\" title=\"\" loading=\"lazy\"\/><\/figure><\/div>\n\n\n\n<div style=\"height:30px\" aria-hidden=\"true\" class=\"wp-block-spacer\"><\/div>\n","protected":false},"excerpt":{"rendered":"<p>pintura Pisos Industriales COMPROMISO nUESTRA CALIDAD cotiza tu proyecto:<\/p>\n","protected":false},"author":1,"featured_media":0,"parent":922,"menu_order":0,"comment_status":"closed","ping_status":"closed","template":"","meta":{"_uag_custom_page_level_css":"","site-sidebar-layout":"default","site-content-layout":"plain-container","ast-global-header-display":"","ast-main-header-display":"","ast-hfb-above-header-display":"","ast-hfb-below-header-display":"","ast-hfb-mobile-header-display":"","site-post-title":"disabled","ast-breadcrumbs-content":"","ast-featured-img":"","footer-sml-layout":"","theme-transparent-header-meta":"enabled","adv-header-id-meta":"","stick-header-meta":"","header-above-stick-meta":"","header-main-stick-meta":"","header-below-stick-meta":"","_joinchat":[],"footnotes":""},"uagb_featured_image_src":{"full":false,"thumbnail":false,"medium":false,"medium_large":false,"large":false,"1536x1536":false,"2048x2048":false},"uagb_author_info":{"display_name":"rodyavila04@gmail.com","author_link":"https:\/\/corseing.com.co\/index.php\/author\/rodyavila04gmail-com\/"},"uagb_comment_info":0,"uagb_excerpt":"pintura Pisos Industriales COMPROMISO nUESTRA CALIDAD cotiza tu proyecto:","_links":{"self":[{"href":"https:\/\/corseing.com.co\/index.php\/wp-json\/wp\/v2\/pages\/1936"}],"collection":[{"href":"https:\/\/corseing.com.co\/index.php\/wp-json\/wp\/v2\/pages"}],"about":[{"href":"https:\/\/corseing.com.co\/index.php\/wp-json\/wp\/v2\/types\/page"}],"author":[{"embeddable":true,"href":"https:\/\/corseing.com.co\/index.php\/wp-json\/wp\/v2\/users\/1"}],"replies":[{"embeddable":true,"href":"https:\/\/corseing.com.co\/index.php\/wp-json\/wp\/v2\/comments?post=1936"}],"version-history":[{"count":15,"href":"https:\/\/corseing.com.co\/index.php\/wp-json\/wp\/v2\/pages\/1936\/revisions"}],"predecessor-version":[{"id":1976,"href":"https:\/\/corseing.com.co\/index.php\/wp-json\/wp\/v2\/pages\/1936\/revisions\/1976"}],"up":[{"embeddable":true,"href":"https:\/\/corseing.com.co\/index.php\/wp-json\/wp\/v2\/pages\/922"}],"wp:attachment":[{"href":"https:\/\/corseing.com.co\/index.php\/wp-json\/wp\/v2\/media?parent=1936"}],"curies":[{"name":"wp","href":"https:\/\/api.w.org\/{rel}","templated":true}]}}