{"id":899,"date":"2020-09-15T06:48:39","date_gmt":"2020-09-15T11:48:39","guid":{"rendered":"http:\/\/corseing.com.co\/index.php\/projects\/"},"modified":"2023-09-11T13:09:27","modified_gmt":"2023-09-11T18:09:27","slug":"proyectos","status":"publish","type":"page","link":"https:\/\/corseing.com.co\/index.php\/proyectos\/","title":{"rendered":"Proyectos"},"content":{"rendered":"\n<div class=\"wp-block-uagb-container uagb-block-c68cd7b7 alignfull uagb-is-root-container\"><div class=\"uagb-container-inner-blocks-wrap\">\n<div class=\"wp-block-uagb-advanced-heading uagb-block-245948db\"><h1 class=\"uagb-heading-text\">nuestros proyectos<\/h1><\/div>\n<\/div><\/div>\n\n\n\n<div style=\"height:49px\" aria-hidden=\"true\" class=\"wp-block-spacer\"><\/div>\n\n\n\n<div class=\"wp-block-uagb-container uagb-block-defaea83 alignfull uagb-is-root-container\"><div class=\"uagb-container-inner-blocks-wrap\">\n<div class=\"wp-block-uagb-container uagb-block-1e3a908e\">\n<div class=\"wp-block-uagb-container uagb-block-d3e9f535\">\n<div class=\"wp-block-uagb-image aligncenter uagb-block-d0ea67e1 wp-block-uagb-image--layout-default wp-block-uagb-image--effect-static wp-block-uagb-image--align-center\"><figure class=\"wp-block-uagb-image__figure\"><img decoding=\"async\" srcset=\"https:\/\/corseing.com.co\/wp-content\/uploads\/2023\/03\/Diseno-sin-titulo-2-1.png \" src=\"https:\/\/corseing.com.co\/wp-content\/uploads\/2023\/03\/Diseno-sin-titulo-2-1.png\" alt=\"\" class=\"uag-image-1421\" width=\"300\" height=\"350\" title=\"\" loading=\"lazy\"\/><\/figure><\/div>\n\n\n\n<div style=\"height:85px\" aria-hidden=\"true\" class=\"wp-block-spacer\"><\/div>\n\n\n\n<div class=\"wp-block-uagb-image aligncenter uagb-block-b1ed18a1 wp-block-uagb-image--layout-default wp-block-uagb-image--effect-static wp-block-uagb-image--align-center\"><figure class=\"wp-block-uagb-image__figure\"><img decoding=\"async\" srcset=\"https:\/\/corseing.com.co\/wp-content\/uploads\/2023\/09\/3.png \" src=\"https:\/\/corseing.com.co\/wp-content\/uploads\/2023\/09\/3.png\" alt=\"\" class=\"uag-image-1988\" width=\"300\" height=\"350\" title=\"\" loading=\"lazy\"\/><\/figure><\/div>\n\n\n\n<div class=\"wp-block-uagb-advanced-heading uagb-block-ff52e30e\"><h5 class=\"uagb-heading-text\">Demarcaci\u00f3n metro cuadrado de Achurados pintura Amarilla Acr\u00edlica para tr\u00e1&nbsp;co Norma Manual Se\u00f1alizaci\u00f3n 2015<\/h5><\/div>\n\n\n\n<div class=\"wp-block-uagb-image aligncenter uagb-block-c86947fe wp-block-uagb-image--layout-default wp-block-uagb-image--effect-static wp-block-uagb-image--align-center\"><figure class=\"wp-block-uagb-image__figure\"><img decoding=\"async\" srcset=\"https:\/\/corseing.com.co\/wp-content\/uploads\/2023\/09\/3-1.png , https:\/\/corseing.com.co\/wp-content\/uploads\/2023\/03\/Demarcacion-Lineal-central-doble-lineal-amarilla-con-pintura-acrilica-para-trafico-y-microesfera-450-\u00d7-250-px-1.png 360w\" src=\"https:\/\/corseing.com.co\/wp-content\/uploads\/2023\/09\/3-1.png\" alt=\"\" class=\"uag-image-1993\" width=\"400\" height=\"250\" title=\"\" loading=\"lazy\"\/><\/figure><\/div>\n\n\n\n<div class=\"wp-block-uagb-advanced-heading uagb-block-5815fddc\"><h5 class=\"uagb-heading-text\">Demarcaci\u00f3n metro cuadrado de cruces peatonales imprimaci\u00f3n y pintura blanca Norma Manual Se\u00f1alizaci\u00f3n 2015<\/h5><\/div>\n<\/div>\n<\/div>\n\n\n\n<div class=\"wp-block-uagb-container uagb-block-65880913\">\n<div class=\"wp-block-uagb-container uagb-block-50192398\">\n<div class=\"wp-block-uagb-image aligncenter uagb-block-222ee58a wp-block-uagb-image--layout-default wp-block-uagb-image--effect-static wp-block-uagb-image--align-center\"><figure class=\"wp-block-uagb-image__figure\"><img decoding=\"async\" srcset=\"https:\/\/corseing.com.co\/wp-content\/uploads\/2023\/09\/1.png \" src=\"https:\/\/corseing.com.co\/wp-content\/uploads\/2023\/09\/1.png\" alt=\"\" class=\"uag-image-1987\" width=\"300\" height=\"350\" title=\"\" loading=\"lazy\"\/><\/figure><\/div>\n\n\n\n<div class=\"wp-block-uagb-advanced-heading uagb-block-fd5cf1f9\"><h5 class=\"uagb-heading-text\">Demarcaci\u00f3n lineal central doble lineal amarilla con pintura acr\u00edlica para tra co y microesfera<\/h5><\/div>\n\n\n\n<div class=\"wp-block-uagb-image aligncenter uagb-block-7bf9cd65 wp-block-uagb-image--layout-default wp-block-uagb-image--effect-static wp-block-uagb-image--align-center\"><figure class=\"wp-block-uagb-image__figure\"><img decoding=\"async\" srcset=\"https:\/\/corseing.com.co\/wp-content\/uploads\/2023\/03\/Demarcacion-Lineal-central-doble-lineal-amarilla-con-pintura-acrilica-para-trafico-y-microesfera-2.png \" src=\"https:\/\/corseing.com.co\/wp-content\/uploads\/2023\/03\/Demarcacion-Lineal-central-doble-lineal-amarilla-con-pintura-acrilica-para-trafico-y-microesfera-2.png\" alt=\"\" class=\"uag-image-1418\" width=\"300\" height=\"350\" title=\"\" loading=\"lazy\"\/><\/figure><\/div>\n\n\n\n<div style=\"height:113px\" aria-hidden=\"true\" class=\"wp-block-spacer\"><\/div>\n\n\n\n<div class=\"wp-block-uagb-image uagb-block-06f76f3b wp-block-uagb-image--layout-default wp-block-uagb-image--effect-static wp-block-uagb-image--align-none\"><figure class=\"wp-block-uagb-image__figure\"><img decoding=\"async\" srcset=\"https:\/\/corseing.com.co\/wp-content\/uploads\/2023\/09\/2-1.png \" src=\"https:\/\/corseing.com.co\/wp-content\/uploads\/2023\/09\/2-1.png\" alt=\"\" class=\"uag-image-1992\" width=\"400\" height=\"250\" title=\"\" loading=\"lazy\"\/><\/figure><\/div>\n\n\n\n<div class=\"wp-block-uagb-advanced-heading uagb-block-e28a6065\"><h5 class=\"uagb-heading-text\">Demarcaci\u00f3n metro cuadrado de &nbsp;flechas de direcci\u00f3n imprimaci\u00f3n y pintura blanca acr\u00edlica Norma Manual Se\u00f1alizaci\u00f3n 2015<\/h5><\/div>\n<\/div>\n<\/div>\n\n\n\n<div class=\"wp-block-uagb-container uagb-block-38a2c9a4\">\n<div class=\"wp-block-uagb-container uagb-block-5e703924\">\n<div class=\"wp-block-uagb-image aligncenter uagb-block-8bab1b4e wp-block-uagb-image--layout-default wp-block-uagb-image--effect-static wp-block-uagb-image--align-center\"><figure class=\"wp-block-uagb-image__figure\"><img decoding=\"async\" srcset=\"https:\/\/corseing.com.co\/wp-content\/uploads\/2023\/09\/2.png \" src=\"https:\/\/corseing.com.co\/wp-content\/uploads\/2023\/09\/2.png\" alt=\"\" class=\"uag-image-1986\" width=\"300\" height=\"350\" title=\"\" loading=\"lazy\"\/><\/figure><\/div>\n\n\n\n<div class=\"wp-block-uagb-advanced-heading uagb-block-32f11e50\"><h5 class=\"uagb-heading-text\">Pre punteo y demarcaci\u00f3n lineal de borde blanco con pintura acr\u00edlica para tr\u00e1&nbsp;co y microesfera<\/h5><\/div>\n\n\n\n<div class=\"wp-block-uagb-image aligncenter uagb-block-f7064ee2 wp-block-uagb-image--layout-default wp-block-uagb-image--effect-static wp-block-uagb-image--align-center\"><figure class=\"wp-block-uagb-image__figure\"><img decoding=\"async\" srcset=\"https:\/\/corseing.com.co\/wp-content\/uploads\/2023\/09\/4.png \" src=\"https:\/\/corseing.com.co\/wp-content\/uploads\/2023\/09\/4.png\" alt=\"\" class=\"uag-image-1989\" width=\"300\" height=\"350\" title=\"\" loading=\"lazy\"\/><\/figure><\/div>\n\n\n\n<div class=\"wp-block-uagb-advanced-heading uagb-block-ad817d82\"><h5 class=\"uagb-heading-text\">Demarcaci\u00f3n metro cuadrado de Achurados pintura Blanca Acr\u00edlica para tr\u00e1&nbsp;co Norma Manual Se\u00f1alizaci\u00f3n 2015<\/h5><\/div>\n\n\n\n<div class=\"wp-block-uagb-image aligncenter uagb-block-c0a3c467 wp-block-uagb-image--layout-default wp-block-uagb-image--effect-static wp-block-uagb-image--align-center\"><figure class=\"wp-block-uagb-image__figure\"><img decoding=\"async\" srcset=\"https:\/\/corseing.com.co\/wp-content\/uploads\/2023\/09\/1-1.png , https:\/\/corseing.com.co\/wp-content\/uploads\/2023\/03\/Demarcacion-Lineal-central-doble-lineal-amarilla-con-pintura-acrilica-para-trafico-y-microesfera-450-\u00d7-250-px.png 360w\" src=\"https:\/\/corseing.com.co\/wp-content\/uploads\/2023\/09\/1-1.png\" alt=\"\" class=\"uag-image-1991\" width=\"400\" height=\"250\" title=\"\" loading=\"lazy\"\/><\/figure><\/div>\n\n\n\n<div class=\"wp-block-uagb-advanced-heading uagb-block-23124f48\"><h5 class=\"uagb-heading-text\">Demarcaci\u00f3n metro cuadrado de texto Imprimaci\u00f3n y pintura blanca Norma Manual Se\u00f1alizaci\u00f3n 2015<\/h5><\/div>\n<\/div>\n<\/div>\n<\/div><\/div>\n\n\n\n<div style=\"height:49px\" aria-hidden=\"true\" class=\"wp-block-spacer\"><\/div>\n\n\n\n<div class=\"wp-block-uagb-container uagb-block-7eaf86ee alignfull uagb-is-root-container\"><div class=\"uagb-container-inner-blocks-wrap\">\n<div class=\"wp-block-uagb-container uagb-block-84c432de\">\n<div class=\"wp-block-uagb-container uagb-block-da41a814\">\n<div class=\"wp-block-uagb-image aligncenter uagb-block-da8c09d5 wp-block-uagb-image--layout-default wp-block-uagb-image--effect-static wp-block-uagb-image--align-center\"><figure class=\"wp-block-uagb-image__figure\"><img decoding=\"async\" srcset=\"https:\/\/corseing.com.co\/wp-content\/uploads\/2023\/03\/1-proyectos-3.png , https:\/\/corseing.com.co\/wp-content\/uploads\/2023\/03\/1-proyectos-3.png 360w\" src=\"https:\/\/corseing.com.co\/wp-content\/uploads\/2023\/03\/1-proyectos-3.png\" alt=\"\" class=\"uag-image-1264\" width=\"400\" height=\"400\" title=\"\" loading=\"lazy\"\/><\/figure><\/div>\n<\/div>\n<\/div>\n\n\n\n<div class=\"wp-block-uagb-container uagb-block-fe484d2f\">\n<div class=\"wp-block-uagb-container uagb-block-2edb635f\">\n<div class=\"wp-block-uagb-advanced-heading uagb-block-94ace808\"><h2 class=\"uagb-heading-text\">cotiza tu proyecto:<\/h2><\/div>\n\n\n<div class=\"wpforms-container wpforms-block\" id=\"wpforms-895\"><form id=\"wpforms-form-895\" class=\"wpforms-validate wpforms-form\" data-formid=\"895\" method=\"post\" enctype=\"multipart\/form-data\" action=\"\/index.php\/wp-json\/wp\/v2\/pages\/899\" data-token=\"1ce81b19041305f8e5ed00bac235604d\" data-token-time=\"1777735787\"><noscript class=\"wpforms-error-noscript\">Por favor, activa JavaScript en tu navegador para completar este formulario.<\/noscript><div class=\"wpforms-field-container\"><div id=\"wpforms-895-field_0-container\" class=\"wpforms-field wpforms-field-name\" data-field-id=\"0\"><label class=\"wpforms-field-label wpforms-label-hide\" for=\"wpforms-895-field_0\">Nombre <span class=\"wpforms-required-label\">*<\/span><\/label><input type=\"text\" id=\"wpforms-895-field_0\" class=\"wpforms-field-large wpforms-field-required\" name=\"wpforms[fields][0]\" placeholder=\"Tu nombre\" required><\/div><div id=\"wpforms-895-field_1-container\" class=\"wpforms-field wpforms-field-email\" data-field-id=\"1\"><label class=\"wpforms-field-label wpforms-label-hide\" for=\"wpforms-895-field_1\">Email <span class=\"wpforms-required-label\">*<\/span><\/label><input type=\"email\" id=\"wpforms-895-field_1\" class=\"wpforms-field-large wpforms-field-required\" name=\"wpforms[fields][1]\" placeholder=\"Direcci\u00f3n de email\" spellcheck=\"false\" required><\/div><div id=\"wpforms-895-field_6-container\" class=\"wpforms-field wpforms-field-number\" data-field-id=\"6\"><label class=\"wpforms-field-label wpforms-label-hide\" for=\"wpforms-895-field_6\">Celular<\/label><input type=\"number\" id=\"wpforms-895-field_6\" class=\"wpforms-field-large\" name=\"wpforms[fields][6]\" placeholder=\"Numero de celular\" ><\/div><div id=\"wpforms-895-field_2-container\" class=\"wpforms-field wpforms-field-textarea\" data-field-id=\"2\"><label class=\"wpforms-field-label wpforms-label-hide\" for=\"wpforms-895-field_2\">Asunto <span class=\"wpforms-required-label\">*<\/span><\/label><textarea id=\"wpforms-895-field_2\" class=\"wpforms-field-medium wpforms-field-required\" name=\"wpforms[fields][2]\" placeholder=\"\u00bfQue servicio requieres?\" required><\/textarea><\/div><\/div><!-- .wpforms-field-container --><div class=\"wpforms-field wpforms-field-hp\"><label for=\"wpforms-895-field-hp\" class=\"wpforms-field-label\">Email<\/label><input type=\"text\" name=\"wpforms[hp]\" id=\"wpforms-895-field-hp\" class=\"wpforms-field-medium\"><\/div><div class=\"wpforms-submit-container\" ><input type=\"hidden\" name=\"wpforms[id]\" value=\"895\"><input type=\"hidden\" name=\"page_title\" value=\"\"><input type=\"hidden\" name=\"page_url\" value=\"https:\/\/corseing.com.co\/index.php\/wp-json\/wp\/v2\/pages\/899\"><button type=\"submit\" name=\"wpforms[submit]\" id=\"wpforms-submit-895\" class=\"wpforms-submit\" data-alt-text=\"Enviando...\" data-submit-text=\"Enviar\" aria-live=\"assertive\" value=\"wpforms-submit\">Enviar<\/button><\/div><\/form><\/div>  <!-- .wpforms-container --><\/div>\n<\/div>\n<\/div><\/div>\n\n\n\n<div style=\"height:30px\" aria-hidden=\"true\" class=\"wp-block-spacer uag-hide-tab uag-hide-mob\"><\/div>\n\n\n\n<div class=\"wp-block-uagb-image alignfull uagb-block-c2e599c4 wp-block-uagb-image--layout-default wp-block-uagb-image--effect-static wp-block-uagb-image--align-full uag-hide-tab uag-hide-mob\"><figure class=\"wp-block-uagb-image__figure\"><img decoding=\"async\" srcset=\"https:\/\/corseing.com.co\/wp-content\/uploads\/2023\/03\/CLIENTES-CORSEING-1-2.png \" src=\"https:\/\/corseing.com.co\/wp-content\/uploads\/2023\/03\/CLIENTES-CORSEING-1-2.png\" alt=\"\" class=\"uag-image-1268\" width=\"3000\" height=\"250\" title=\"\" loading=\"lazy\"\/><\/figure><\/div>\n\n\n\n<div class=\"wp-block-uagb-image aligncenter uagb-block-2b35e360 wp-block-uagb-image--layout-default wp-block-uagb-image--effect-static wp-block-uagb-image--align-center uag-hide-desktop\"><figure class=\"wp-block-uagb-image__figure\"><img decoding=\"async\" srcset=\"https:\/\/corseing.com.co\/wp-content\/uploads\/2023\/03\/Copia-de-CLIENTES-CORSEING-1500-\u00d7-450-px-1250-\u00d7-400-px.png , https:\/\/corseing.com.co\/wp-content\/uploads\/2023\/03\/Copia-de-CLIENTES-CORSEING-1500-\u00d7-450-px-1250-\u00d7-400-px.png 360w\" src=\"https:\/\/corseing.com.co\/wp-content\/uploads\/2023\/03\/Copia-de-CLIENTES-CORSEING-1500-\u00d7-450-px-1250-\u00d7-400-px.png\" alt=\"\" class=\"uag-image-1489\" width=\"\" height=\"\" title=\"\" loading=\"lazy\"\/><\/figure><\/div>\n\n\n\n<div style=\"height:30px\" aria-hidden=\"true\" class=\"wp-block-spacer\"><\/div>\n","protected":false},"excerpt":{"rendered":"<p>nuestros proyectos Demarcaci\u00f3n metro cuadrado de Achurados pintura Amarilla Acr\u00edlica para tr\u00e1&nbsp;co Norma Manual Se\u00f1alizaci\u00f3n 2015 Demarcaci\u00f3n metro cuadrado de cruces peatonales imprimaci\u00f3n y pintura blanca Norma Manual Se\u00f1alizaci\u00f3n 2015 Demarcaci\u00f3n lineal central doble lineal amarilla con pintura acr\u00edlica para tra co y microesfera Demarcaci\u00f3n metro cuadrado de &nbsp;flechas de direcci\u00f3n imprimaci\u00f3n y pintura blanca &hellip;<\/p>\n<p class=\"read-more\"> <a class=\"\" href=\"https:\/\/corseing.com.co\/index.php\/proyectos\/\"> <span class=\"screen-reader-text\">Proyectos<\/span> Leer m\u00e1s &raquo;<\/a><\/p>\n","protected":false},"author":1,"featured_media":0,"parent":0,"menu_order":0,"comment_status":"closed","ping_status":"closed","template":"","meta":{"_uag_custom_page_level_css":"","site-sidebar-layout":"no-sidebar","site-content-layout":"plain-container","ast-global-header-display":"","ast-main-header-display":"","ast-hfb-above-header-display":"","ast-hfb-below-header-display":"","ast-hfb-mobile-header-display":"","site-post-title":"disabled","ast-breadcrumbs-content":"","ast-featured-img":"","footer-sml-layout":"","theme-transparent-header-meta":"enabled","adv-header-id-meta":"","stick-header-meta":"","header-above-stick-meta":"","header-main-stick-meta":"","header-below-stick-meta":"","_joinchat":[],"footnotes":""},"uagb_featured_image_src":{"full":false,"thumbnail":false,"medium":false,"medium_large":false,"large":false,"1536x1536":false,"2048x2048":false},"uagb_author_info":{"display_name":"rodyavila04@gmail.com","author_link":"https:\/\/corseing.com.co\/index.php\/author\/rodyavila04gmail-com\/"},"uagb_comment_info":0,"uagb_excerpt":"nuestros proyectos Demarcaci\u00f3n metro cuadrado de Achurados pintura Amarilla Acr\u00edlica para tr\u00e1&nbsp;co Norma Manual Se\u00f1alizaci\u00f3n 2015 Demarcaci\u00f3n metro cuadrado de cruces peatonales imprimaci\u00f3n y pintura blanca Norma Manual Se\u00f1alizaci\u00f3n 2015 Demarcaci\u00f3n lineal central doble lineal amarilla con pintura acr\u00edlica para tra co y microesfera Demarcaci\u00f3n metro cuadrado de &nbsp;flechas de direcci\u00f3n imprimaci\u00f3n y pintura blanca&hellip;","_links":{"self":[{"href":"https:\/\/corseing.com.co\/index.php\/wp-json\/wp\/v2\/pages\/899"}],"collection":[{"href":"https:\/\/corseing.com.co\/index.php\/wp-json\/wp\/v2\/pages"}],"about":[{"href":"https:\/\/corseing.com.co\/index.php\/wp-json\/wp\/v2\/types\/page"}],"author":[{"embeddable":true,"href":"https:\/\/corseing.com.co\/index.php\/wp-json\/wp\/v2\/users\/1"}],"replies":[{"embeddable":true,"href":"https:\/\/corseing.com.co\/index.php\/wp-json\/wp\/v2\/comments?post=899"}],"version-history":[{"count":34,"href":"https:\/\/corseing.com.co\/index.php\/wp-json\/wp\/v2\/pages\/899\/revisions"}],"predecessor-version":[{"id":2006,"href":"https:\/\/corseing.com.co\/index.php\/wp-json\/wp\/v2\/pages\/899\/revisions\/2006"}],"wp:attachment":[{"href":"https:\/\/corseing.com.co\/index.php\/wp-json\/wp\/v2\/media?parent=899"}],"curies":[{"name":"wp","href":"https:\/\/api.w.org\/{rel}","templated":true}]}}