{"id":900,"date":"2020-09-15T06:48:51","date_gmt":"2020-09-15T11:48:51","guid":{"rendered":"http:\/\/corseing.com.co\/index.php\/services\/"},"modified":"2023-08-21T17:39:55","modified_gmt":"2023-08-21T22:39:55","slug":"otros","status":"publish","type":"page","link":"https:\/\/corseing.com.co\/index.php\/servicios\/otros\/","title":{"rendered":"Otros"},"content":{"rendered":"\n<div class=\"wp-block-uagb-container uagb-block-815f14a8 alignfull uagb-is-root-container\"><div class=\"uagb-container-inner-blocks-wrap\">\n<div class=\"wp-block-uagb-advanced-heading uagb-block-f7a3196f\"><h1 class=\"uagb-heading-text\">Otros Servicios<\/h1><\/div>\n<\/div><\/div>\n\n\n\n<div class=\"wp-block-uagb-container uagb-block-12390ac6 alignfull uagb-is-root-container\"><div class=\"uagb-container-inner-blocks-wrap\">\n<div class=\"wp-block-uagb-container uagb-block-b3caaa4d alignfull uagb-is-root-container\"><div class=\"uagb-container-inner-blocks-wrap\">\n<div class=\"wp-block-uagb-container uagb-block-810f61d5\">\n<div class=\"wp-block-uagb-image aligncenter uagb-block-519fefb6 wp-block-uagb-image--layout-default wp-block-uagb-image--effect-static wp-block-uagb-image--align-center\"><figure class=\"wp-block-uagb-image__figure\"><img decoding=\"async\" srcset=\"https:\/\/corseing.com.co\/wp-content\/uploads\/2023\/03\/Diseno-sin-titulo-1-1.png , https:\/\/corseing.com.co\/wp-content\/uploads\/2023\/03\/Diseno-sin-titulo-1-1.png 360w\" src=\"https:\/\/corseing.com.co\/wp-content\/uploads\/2023\/03\/Diseno-sin-titulo-1-1.png\" alt=\"\" class=\"uag-image-1395\" width=\"441\" height=\"617\" title=\"\" loading=\"lazy\"\/><\/figure><\/div>\n<\/div>\n\n\n\n<div class=\"wp-block-uagb-container uagb-block-ef66d67c\">\n<div class=\"wp-block-uagb-info-box uagb-block-2e64c988 uagb-infobox__content-wrap  uagb-infobox-icon-above-title uagb-infobox-image-valign-top\"><div class=\"uagb-ifb-content\"><div class=\"uagb-ifb-title-wrap\"><h3 class=\"uagb-ifb-title\">Toma de reflectividad<\/h3><\/div><p class=\"uagb-ifb-desc\">Corseing S.A.S. cuenta con el equipo especializado para la toma de Reflectividad en pintura vial a geometr\u00eda 15 \/ 30 metros cumpliendo con par\u00e1metros definidos en la norma NTC 4744-3.<br>Toma de coeficiente de luminancia retro reflejada en pintura vial acr\u00edlica, base agua, termopl\u00e1stica, pl\u00e1stico en frio (dos componentes) color amarilla y blanca.<\/p><\/div><\/div>\n<\/div>\n<\/div><\/div>\n\n\n\n<div class=\"wp-block-uagb-container uagb-block-b98ef0f0 alignfull uagb-is-root-container\"><div class=\"uagb-container-inner-blocks-wrap\">\n<div class=\"wp-block-uagb-container uagb-block-d9913bc2\">\n<div class=\"wp-block-uagb-info-box uagb-block-eaa46c13 uagb-infobox__content-wrap  uagb-infobox-icon-above-title uagb-infobox-image-valign-top\"><div class=\"uagb-ifb-content\"><div class=\"uagb-ifb-title-wrap\"><h3 class=\"uagb-ifb-title\">Gr\u00faa para montajes<\/h3><\/div><p class=\"uagb-ifb-desc\">Contamos con el servicio de Gr\u00faa pluma para montajes con capacidad de 4 toneladas largo de boom 8.2m.<br>Gr\u00faa con capacidad de 4 toneladas cuenta con estabilizadores horizontales para seguridad de los trabajadores y de la carga.<\/p><\/div><\/div>\n<\/div>\n\n\n\n<div class=\"wp-block-uagb-container uagb-block-ab5af6c1\">\n<div class=\"wp-block-uagb-image aligncenter uagb-block-18e475b7 wp-block-uagb-image--layout-default wp-block-uagb-image--effect-static wp-block-uagb-image--align-center\"><figure class=\"wp-block-uagb-image__figure\"><img decoding=\"async\" srcset=\"https:\/\/corseing.com.co\/wp-content\/uploads\/2023\/03\/Diseno-sin-titulo-4.png , http:\/\/jesvam.com\/wp-content\/uploads\/2021\/03\/personal-injury-template-truck-accident.jpg 360w\" src=\"https:\/\/corseing.com.co\/wp-content\/uploads\/2023\/03\/Diseno-sin-titulo-4.png\" alt=\"\" class=\"uag-image-1396\" width=\"441\" height=\"617\" title=\"\" loading=\"lazy\"\/><\/figure><\/div>\n<\/div>\n<\/div><\/div>\n\n\n\n<div class=\"wp-block-uagb-container uagb-block-6cd5df81 alignfull uagb-is-root-container\"><div class=\"uagb-container-inner-blocks-wrap\">\n<div class=\"wp-block-uagb-container uagb-block-698769c2\">\n<div class=\"wp-block-uagb-image aligncenter uagb-block-f3d5f72c wp-block-uagb-image--layout-default wp-block-uagb-image--effect-static wp-block-uagb-image--align-center\"><figure class=\"wp-block-uagb-image__figure\"><img decoding=\"async\" srcset=\"https:\/\/corseing.com.co\/wp-content\/uploads\/2023\/04\/WhatsApp-Image-2023-03-19-at-12.26.25-PM-3.jpeg , https:\/\/corseing.com.co\/wp-content\/uploads\/2023\/03\/Diseno-sin-titulo-1-1.png 360w\" src=\"https:\/\/corseing.com.co\/wp-content\/uploads\/2023\/04\/WhatsApp-Image-2023-03-19-at-12.26.25-PM-3.jpeg\" alt=\"\" class=\"uag-image-1671\" width=\"\" height=\"\" title=\"\" loading=\"lazy\"\/><\/figure><\/div>\n<\/div>\n\n\n\n<div class=\"wp-block-uagb-container uagb-block-0957e3d8\">\n<div class=\"wp-block-uagb-info-box uagb-block-5875bbf1 uagb-infobox__content-wrap  uagb-infobox-icon-above-title uagb-infobox-image-valign-top\"><div class=\"uagb-ifb-content\"><div class=\"uagb-ifb-title-wrap\"><h3 class=\"uagb-ifb-title\">Mantenimiento de Gigantografias<\/h3><\/div><p class=\"uagb-ifb-desc\">Contamos con un equipo especializado para la rehabilitaci\u00f3n y mantenimiento de se\u00f1alizaci\u00f3n tur\u00edstica peatonal y vial.<\/p><\/div><\/div>\n<\/div>\n<\/div><\/div>\n\n\n\n<div class=\"wp-block-uagb-container uagb-block-a9aae127 alignfull uagb-is-root-container\"><div class=\"uagb-container-inner-blocks-wrap\">\n<div class=\"wp-block-uagb-container uagb-block-1d0a1df5\">\n<div class=\"wp-block-uagb-info-box uagb-block-6c781c70 uagb-infobox__content-wrap  uagb-infobox-icon-above-title uagb-infobox-image-valign-top\"><div class=\"uagb-ifb-content\"><div class=\"uagb-ifb-title-wrap\"><h3 class=\"uagb-ifb-title\">Servicios de Consultor\u00eda<\/h3><\/div><p class=\"uagb-ifb-desc\">En CORSEING S.A.S estamos 100% concentrados en la satisfacci\u00f3n de nuestros clientes finales los usuarios que har\u00e1n uso de los sistemas que dise\u00f1amos y construimos, por eso contamos con un equipo interdisciplinario que brinda asesor\u00eda ininterrumpida en todo el proceso de dise\u00f1o de las piezas o sistemas.<br>Combinamos el conocimiento de las din\u00e1micas de servicio e innovaci\u00f3n con una amplia experiencia en el dise\u00f1o industrial, dise\u00f1o gr\u00e1fico, arquitectura, ingenier\u00eda de materiales y el dise\u00f1o de servicios a la medida.<\/p><\/div><\/div>\n<\/div>\n\n\n\n<div class=\"wp-block-uagb-container uagb-block-c84fbaaf\">\n<figure class=\"wp-block-image size-full has-custom-border\"><img loading=\"lazy\" decoding=\"async\" width=\"971\" height=\"645\" src=\"https:\/\/corseing.com.co\/wp-content\/uploads\/2023\/04\/image.png\" alt=\"\" class=\"wp-image-1676\" style=\"border-width:2px\" srcset=\"https:\/\/corseing.com.co\/wp-content\/uploads\/2023\/04\/image.png 971w, https:\/\/corseing.com.co\/wp-content\/uploads\/2023\/04\/image-300x199.png 300w, https:\/\/corseing.com.co\/wp-content\/uploads\/2023\/04\/image-768x510.png 768w\" sizes=\"(max-width: 971px) 100vw, 971px\" \/><\/figure>\n<\/div>\n<\/div><\/div>\n\n\n\n<div class=\"wp-block-uagb-info-box uagb-block-57616975 uagb-infobox__content-wrap  uagb-infobox-icon-above-title uagb-infobox-image-valign-top\"><div class=\"uagb-ifb-content\"><div class=\"uagb-ifb-title-wrap\"><\/div><p class=\"uagb-ifb-desc\">Nuestros servicios est\u00e1n orientados a ayudar a las entidades a crear un valor agregado en los sitios de inter\u00e9s, los cuales van desde socializaciones en \u00e1reas de turismo y el dise\u00f1o, hasta facilitarles un desarrollo completo de un sistema con sus productos y servicios tanto digitales como tambi\u00e9n piezas de se\u00f1al\u00e9tica urbanas por medio de nuestra consultor\u00eda estrat\u00e9gica.<br>Caracter\u00edsticas de nuestras consultor\u00edas:<br><br>-Caracterizaci\u00f3n de los sitios de inter\u00e9s<br>-Dise\u00f1o de fichas y montaje arquitect\u00f3nico<br>-Fotograf\u00eda profesional<br>-Dise\u00f1o y diagramaci\u00f3n de piezas de se\u00f1alizaci\u00f3n<br>-Dise\u00f1o y elaboraci\u00f3n de contenidos y rese\u00f1as en lenguaje<br>-incluyente contenidos en segunda lengua con traductor certificado<br>-Dise\u00f1o Industrial y ergon\u00f3mico de las piezas de se\u00f1alizaci\u00f3n<br>-Dise\u00f1o de plataforma digital para la promoci\u00f3n tur\u00edstica<br>-Socializaci\u00f3n y prototipos<\/p><\/div><\/div>\n<\/div><\/div>\n\n\n\n<div class=\"wp-block-uagb-container uagb-block-9c85d068 alignfull uagb-is-root-container\"><div class=\"uagb-container-inner-blocks-wrap\">\n<div class=\"wp-block-uagb-container uagb-block-f15458cb\">\n<div class=\"wp-block-uagb-container uagb-block-67fe0fbc\">\n<div class=\"wp-block-uagb-image aligncenter uagb-block-7897553d wp-block-uagb-image--layout-default wp-block-uagb-image--effect-static wp-block-uagb-image--align-center\"><figure class=\"wp-block-uagb-image__figure\"><img decoding=\"async\" srcset=\"https:\/\/corseing.com.co\/wp-content\/uploads\/2023\/03\/1-proyectos-3.png , https:\/\/corseing.com.co\/wp-content\/uploads\/2023\/03\/1-proyectos-3.png 360w\" src=\"https:\/\/corseing.com.co\/wp-content\/uploads\/2023\/03\/1-proyectos-3.png\" alt=\"\" class=\"uag-image-1264\" width=\"400\" height=\"400\" title=\"\" loading=\"lazy\"\/><\/figure><\/div>\n<\/div>\n<\/div>\n\n\n\n<div class=\"wp-block-uagb-container uagb-block-bb148631\">\n<div class=\"wp-block-uagb-container uagb-block-243f1716\">\n<div class=\"wp-block-uagb-advanced-heading uagb-block-e6e97df2\"><h2 class=\"uagb-heading-text\">cotiza tu proyecto:<\/h2><\/div>\n\n\n<div class=\"wpforms-container wpforms-block\" id=\"wpforms-895\"><form id=\"wpforms-form-895\" class=\"wpforms-validate wpforms-form\" data-formid=\"895\" method=\"post\" enctype=\"multipart\/form-data\" action=\"\/index.php\/wp-json\/wp\/v2\/pages\/900\" data-token=\"1ce81b19041305f8e5ed00bac235604d\" data-token-time=\"1777694250\"><noscript class=\"wpforms-error-noscript\">Por favor, activa JavaScript en tu navegador para completar este formulario.<\/noscript><div class=\"wpforms-field-container\"><div id=\"wpforms-895-field_0-container\" class=\"wpforms-field wpforms-field-name\" data-field-id=\"0\"><label class=\"wpforms-field-label wpforms-label-hide\" for=\"wpforms-895-field_0\">Nombre <span class=\"wpforms-required-label\">*<\/span><\/label><input type=\"text\" id=\"wpforms-895-field_0\" class=\"wpforms-field-large wpforms-field-required\" name=\"wpforms[fields][0]\" placeholder=\"Tu nombre\" required><\/div><div id=\"wpforms-895-field_1-container\" class=\"wpforms-field wpforms-field-email\" data-field-id=\"1\"><label class=\"wpforms-field-label wpforms-label-hide\" for=\"wpforms-895-field_1\">Email <span class=\"wpforms-required-label\">*<\/span><\/label><input type=\"email\" id=\"wpforms-895-field_1\" class=\"wpforms-field-large wpforms-field-required\" name=\"wpforms[fields][1]\" placeholder=\"Direcci\u00f3n de email\" spellcheck=\"false\" required><\/div><div id=\"wpforms-895-field_6-container\" class=\"wpforms-field wpforms-field-number\" data-field-id=\"6\"><label class=\"wpforms-field-label wpforms-label-hide\" for=\"wpforms-895-field_6\">Celular<\/label><input type=\"number\" id=\"wpforms-895-field_6\" class=\"wpforms-field-large\" name=\"wpforms[fields][6]\" placeholder=\"Numero de celular\" ><\/div><div id=\"wpforms-895-field_2-container\" class=\"wpforms-field wpforms-field-textarea\" data-field-id=\"2\"><label class=\"wpforms-field-label wpforms-label-hide\" for=\"wpforms-895-field_2\">Asunto <span class=\"wpforms-required-label\">*<\/span><\/label><textarea id=\"wpforms-895-field_2\" class=\"wpforms-field-medium wpforms-field-required\" name=\"wpforms[fields][2]\" placeholder=\"\u00bfQue servicio requieres?\" required><\/textarea><\/div><\/div><!-- .wpforms-field-container --><div class=\"wpforms-field wpforms-field-hp\"><label for=\"wpforms-895-field-hp\" class=\"wpforms-field-label\">Website<\/label><input type=\"text\" name=\"wpforms[hp]\" id=\"wpforms-895-field-hp\" class=\"wpforms-field-medium\"><\/div><div class=\"wpforms-submit-container\" ><input type=\"hidden\" name=\"wpforms[id]\" value=\"895\"><input type=\"hidden\" name=\"page_title\" value=\"\"><input type=\"hidden\" name=\"page_url\" value=\"https:\/\/corseing.com.co\/index.php\/wp-json\/wp\/v2\/pages\/900\"><button type=\"submit\" name=\"wpforms[submit]\" id=\"wpforms-submit-895\" class=\"wpforms-submit\" data-alt-text=\"Enviando...\" data-submit-text=\"Enviar\" aria-live=\"assertive\" value=\"wpforms-submit\">Enviar<\/button><\/div><\/form><\/div>  <!-- .wpforms-container --><\/div>\n<\/div>\n<\/div><\/div>\n\n\n\n<div style=\"height:30px\" aria-hidden=\"true\" class=\"wp-block-spacer uag-hide-tab uag-hide-mob\"><\/div>\n\n\n\n<div class=\"wp-block-uagb-image alignfull uagb-block-b6b8b297 wp-block-uagb-image--layout-default wp-block-uagb-image--effect-static wp-block-uagb-image--align-full uag-hide-tab uag-hide-mob\"><figure class=\"wp-block-uagb-image__figure\"><img decoding=\"async\" srcset=\"https:\/\/corseing.com.co\/wp-content\/uploads\/2023\/03\/CLIENTES-CORSEING-1-2.png \" src=\"https:\/\/corseing.com.co\/wp-content\/uploads\/2023\/03\/CLIENTES-CORSEING-1-2.png\" alt=\"\" class=\"uag-image-1268\" width=\"3000\" height=\"250\" title=\"\" loading=\"lazy\"\/><\/figure><\/div>\n\n\n\n<div class=\"wp-block-uagb-image aligncenter uagb-block-af0c5ffe wp-block-uagb-image--layout-default wp-block-uagb-image--effect-static wp-block-uagb-image--align-center uag-hide-desktop\"><figure class=\"wp-block-uagb-image__figure\"><img decoding=\"async\" srcset=\"https:\/\/corseing.com.co\/wp-content\/uploads\/2023\/03\/Copia-de-CLIENTES-CORSEING-1500-\u00d7-450-px-1250-\u00d7-400-px.png , https:\/\/corseing.com.co\/wp-content\/uploads\/2023\/03\/Copia-de-CLIENTES-CORSEING-1500-\u00d7-450-px-1250-\u00d7-400-px.png 360w\" src=\"https:\/\/corseing.com.co\/wp-content\/uploads\/2023\/03\/Copia-de-CLIENTES-CORSEING-1500-\u00d7-450-px-1250-\u00d7-400-px.png\" alt=\"\" class=\"uag-image-1489\" width=\"\" height=\"\" title=\"\" loading=\"lazy\"\/><\/figure><\/div>\n\n\n\n<div style=\"height:30px\" aria-hidden=\"true\" class=\"wp-block-spacer\"><\/div>\n","protected":false},"excerpt":{"rendered":"<p>Otros Servicios cotiza tu proyecto:<\/p>\n","protected":false},"author":1,"featured_media":0,"parent":922,"menu_order":0,"comment_status":"closed","ping_status":"closed","template":"","meta":{"_uag_custom_page_level_css":"","site-sidebar-layout":"no-sidebar","site-content-layout":"plain-container","ast-global-header-display":"","ast-main-header-display":"","ast-hfb-above-header-display":"","ast-hfb-below-header-display":"","ast-hfb-mobile-header-display":"","site-post-title":"disabled","ast-breadcrumbs-content":"","ast-featured-img":"","footer-sml-layout":"","theme-transparent-header-meta":"enabled","adv-header-id-meta":"","stick-header-meta":"","header-above-stick-meta":"","header-main-stick-meta":"","header-below-stick-meta":"","_joinchat":[],"footnotes":""},"uagb_featured_image_src":{"full":false,"thumbnail":false,"medium":false,"medium_large":false,"large":false,"1536x1536":false,"2048x2048":false},"uagb_author_info":{"display_name":"rodyavila04@gmail.com","author_link":"https:\/\/corseing.com.co\/index.php\/author\/rodyavila04gmail-com\/"},"uagb_comment_info":0,"uagb_excerpt":"Otros Servicios cotiza tu proyecto:","_links":{"self":[{"href":"https:\/\/corseing.com.co\/index.php\/wp-json\/wp\/v2\/pages\/900"}],"collection":[{"href":"https:\/\/corseing.com.co\/index.php\/wp-json\/wp\/v2\/pages"}],"about":[{"href":"https:\/\/corseing.com.co\/index.php\/wp-json\/wp\/v2\/types\/page"}],"author":[{"embeddable":true,"href":"https:\/\/corseing.com.co\/index.php\/wp-json\/wp\/v2\/users\/1"}],"replies":[{"embeddable":true,"href":"https:\/\/corseing.com.co\/index.php\/wp-json\/wp\/v2\/comments?post=900"}],"version-history":[{"count":35,"href":"https:\/\/corseing.com.co\/index.php\/wp-json\/wp\/v2\/pages\/900\/revisions"}],"predecessor-version":[{"id":1977,"href":"https:\/\/corseing.com.co\/index.php\/wp-json\/wp\/v2\/pages\/900\/revisions\/1977"}],"up":[{"embeddable":true,"href":"https:\/\/corseing.com.co\/index.php\/wp-json\/wp\/v2\/pages\/922"}],"wp:attachment":[{"href":"https:\/\/corseing.com.co\/index.php\/wp-json\/wp\/v2\/media?parent=900"}],"curies":[{"name":"wp","href":"https:\/\/api.w.org\/{rel}","templated":true}]}}