{"id":922,"date":"2023-03-16T17:53:57","date_gmt":"2023-03-16T22:53:57","guid":{"rendered":"http:\/\/corseing.com.co\/?page_id=922"},"modified":"2023-08-21T17:37:34","modified_gmt":"2023-08-21T22:37:34","slug":"servicios","status":"publish","type":"page","link":"https:\/\/corseing.com.co\/index.php\/servicios\/","title":{"rendered":"Servicios"},"content":{"rendered":"\n<div class=\"wp-block-uagb-container uagb-block-02d95367 alignfull uagb-is-root-container\"><div class=\"uagb-container-inner-blocks-wrap\">\n<div class=\"wp-block-uagb-advanced-heading uagb-block-30ed7e3d\"><h1 class=\"uagb-heading-text\">servicios<\/h1><\/div>\n<\/div><\/div>\n\n\n\n<div class=\"wp-block-uagb-container uagb-block-4575d276 alignfull uagb-is-root-container\"><div class=\"uagb-container-inner-blocks-wrap\">\n<div class=\"wp-block-uagb-container uagb-block-e0a26a78 alignfull uagb-is-root-container\"><div class=\"uagb-container-inner-blocks-wrap\">\n<div class=\"wp-block-uagb-container uagb-block-97a8d9d6\">\n<div class=\"wp-block-uagb-image aligncenter uagb-block-621df676 wp-block-uagb-image--layout-default wp-block-uagb-image--effect-static wp-block-uagb-image--align-center\"><figure class=\"wp-block-uagb-image__figure\"><img decoding=\"async\" srcset=\"https:\/\/corseing.com.co\/wp-content\/uploads\/2023\/03\/Diseno-sin-titulo-4-1.png , http:\/\/jesvam.com\/wp-content\/uploads\/2021\/03\/personal-injury-template-car-accident-img.jpg 360w\" src=\"https:\/\/corseing.com.co\/wp-content\/uploads\/2023\/03\/Diseno-sin-titulo-4-1.png\" alt=\"\" class=\"uag-image-1434\" width=\"505\" height=\"222\" title=\"\" loading=\"lazy\"\/><\/figure><\/div>\n<\/div>\n\n\n\n<div class=\"wp-block-uagb-container uagb-block-2c808923\">\n<div class=\"wp-block-uagb-info-box uagb-block-91b3a1fc uagb-infobox__content-wrap  uagb-infobox-icon-above-title uagb-infobox-image-valign-top\"><div class=\"uagb-ifb-content\"><div class=\"uagb-ifb-title-wrap\"><h3 class=\"uagb-ifb-title\">Se\u00f1alizaci\u00f3n Tur\u00edstica<\/h3><\/div><p class=\"uagb-ifb-desc\">Corseing S.A.S. cuenta con un equipo Interdisciplinario capaz de organizar , analizar, y dise\u00f1ar soluciones en se\u00f1alizaci\u00f3n tur\u00edstica a nivel Nacional, con altos est\u00e1ndares de calidad siguiendo criterios y normas vigentes del Fondo Nacional de Turismo, Manual de Se\u00f1alizaci\u00f3n y criterios propios del Cliente<\/p><div class=\"uagb-ifb-button-wrapper wp-block-button\"><a href=\"https:\/\/corseing.com.co\/index.php\/senalizacion\/turistica\/\" class=\"uagb-infobox-cta-link wp-block-button__link\" target=\"_self\" rel=\"noopener noreferrer\" onclick=\"return true;\" alt=\"\"><svg xmlns=\"https:\/\/www.w3.org\/2000\/svg\" viewBox=\"0 0 448 512\"><path d=\"M246.6 233.4l-160-160c-12.5-12.5-32.75-12.5-45.25 0s-12.5 32.75 0 45.25L178.8 256l-137.4 137.4c-12.5 12.5-12.5 32.75 0 45.25C47.63 444.9 55.81 448 64 448s16.38-3.125 22.62-9.375l160-160C259.1 266.1 259.1 245.9 246.6 233.4zM438.6 233.4l-160-160c-12.5-12.5-32.75-12.5-45.25 0s-12.5 32.75 0 45.25L370.8 256l-137.4 137.4c-12.5 12.5-12.5 32.75 0 45.25C239.6 444.9 247.8 448 256 448s16.38-3.125 22.62-9.375l160-160C451.1 266.1 451.1 245.9 438.6 233.4z\"><\/path><\/svg><span class=\"uagb-inline-editing\">ver mas<\/span><\/a><\/div><\/div><\/div>\n<\/div>\n<\/div><\/div>\n\n\n\n<div class=\"wp-block-uagb-container uagb-block-2c87843c alignfull uagb-is-root-container\"><div class=\"uagb-container-inner-blocks-wrap\">\n<div class=\"wp-block-uagb-container uagb-block-b70bc6c7\">\n<div class=\"wp-block-uagb-info-box uagb-block-de8c35ce uagb-infobox__content-wrap  uagb-infobox-icon-above-title uagb-infobox-image-valign-top\"><div class=\"uagb-ifb-content\"><div class=\"uagb-ifb-title-wrap\"><h3 class=\"uagb-ifb-title\">Se\u00f1alizaci\u00f3n Vial<\/h3><\/div><p class=\"uagb-ifb-desc\">Corseing S.A.S. cuenta con la capacidad para la fabricaci\u00f3n e Instalaci\u00f3n de se\u00f1ales verticales, atendiendo los requerimientos espec\u00edficos de cada cliente en cumplimiento con las especificaciones del manual de se\u00f1alizaci\u00f3n vial gracias al uso de materiales que ofrecen una calidad insuperable de retroreflectivilidad. Contamos con el equipo necesario para mantenimiento y mejoramiento de postes, tableros y laminas, seg\u00fan Normas Invias.<\/p><div class=\"uagb-ifb-button-wrapper wp-block-button\"><a href=\"https:\/\/corseing.com.co\/index.php\/senalizacion\/vial\/\" class=\"uagb-infobox-cta-link wp-block-button__link\" target=\"_self\" rel=\"noopener noreferrer\" onclick=\"return true;\" alt=\"\"><svg xmlns=\"https:\/\/www.w3.org\/2000\/svg\" viewBox=\"0 0 448 512\"><path d=\"M246.6 233.4l-160-160c-12.5-12.5-32.75-12.5-45.25 0s-12.5 32.75 0 45.25L178.8 256l-137.4 137.4c-12.5 12.5-12.5 32.75 0 45.25C47.63 444.9 55.81 448 64 448s16.38-3.125 22.62-9.375l160-160C259.1 266.1 259.1 245.9 246.6 233.4zM438.6 233.4l-160-160c-12.5-12.5-32.75-12.5-45.25 0s-12.5 32.75 0 45.25L370.8 256l-137.4 137.4c-12.5 12.5-12.5 32.75 0 45.25C239.6 444.9 247.8 448 256 448s16.38-3.125 22.62-9.375l160-160C451.1 266.1 451.1 245.9 438.6 233.4z\"><\/path><\/svg><span class=\"uagb-inline-editing\">ver mas<\/span><\/a><\/div><\/div><\/div>\n<\/div>\n\n\n\n<div class=\"wp-block-uagb-container uagb-block-36266de4\">\n<div class=\"wp-block-uagb-image aligncenter uagb-block-bb9565e1 wp-block-uagb-image--layout-default wp-block-uagb-image--effect-static wp-block-uagb-image--align-center\"><figure class=\"wp-block-uagb-image__figure\"><img decoding=\"async\" srcset=\"https:\/\/corseing.com.co\/wp-content\/uploads\/2023\/03\/Diseno-sin-titulo-3-1.png , http:\/\/jesvam.com\/wp-content\/uploads\/2021\/03\/personal-injury-template-truck-accident.jpg 360w\" src=\"https:\/\/corseing.com.co\/wp-content\/uploads\/2023\/03\/Diseno-sin-titulo-3-1.png\" alt=\"\" class=\"uag-image-1435\" width=\"506\" height=\"25\" title=\"\" loading=\"lazy\"\/><\/figure><\/div>\n<\/div>\n<\/div><\/div>\n\n\n\n<div class=\"wp-block-uagb-container uagb-block-51ab34c1 alignfull uagb-is-root-container\"><div class=\"uagb-container-inner-blocks-wrap\">\n<div class=\"wp-block-uagb-container uagb-block-f0cb8324\">\n<div class=\"wp-block-uagb-image aligncenter uagb-block-40cca7b3 wp-block-uagb-image--layout-default wp-block-uagb-image--effect-static wp-block-uagb-image--align-center\"><figure class=\"wp-block-uagb-image__figure\"><img decoding=\"async\" srcset=\"https:\/\/corseing.com.co\/wp-content\/uploads\/2023\/06\/WhatsApp-Image-2023-06-06-at-6.25.27-AM.jpeg , http:\/\/jesvam.com\/wp-content\/uploads\/2021\/03\/personal-injury-template-car-accident-img.jpg 360w\" src=\"https:\/\/corseing.com.co\/wp-content\/uploads\/2023\/06\/WhatsApp-Image-2023-06-06-at-6.25.27-AM.jpeg\" alt=\"\" class=\"uag-image-1931\" width=\"505\" height=\"700\" title=\"\" loading=\"lazy\"\/><\/figure><\/div>\n<\/div>\n\n\n\n<div class=\"wp-block-uagb-container uagb-block-5a480608\">\n<div class=\"wp-block-uagb-info-box uagb-block-6700ea51 uagb-infobox__content-wrap  uagb-infobox-icon-above-title uagb-infobox-image-valign-top\"><div class=\"uagb-ifb-content\"><div class=\"uagb-ifb-title-wrap\"><h3 class=\"uagb-ifb-title\">Pintura Pisos Industriales<\/h3><\/div><p class=\"uagb-ifb-desc\">Corseing S.A.S. es una empresa especializada en brindar servicios de pintura de pisos industriales de alta calidad. Nos dedicamos a satisfacer las necesidades de nuestros clientes en la industria, ofreciendo soluciones duraderas y est\u00e9ticamente atractivas para pisos de f\u00e1bricas, almacenes, plantas de producci\u00f3n y otros espacios industriales.<\/p><div class=\"uagb-ifb-button-wrapper wp-block-button\"><a href=\"https:\/\/corseing.com.co\/index.php\/pintura-pisos-industriales\/\" class=\"uagb-infobox-cta-link wp-block-button__link\" target=\"_self\" rel=\"noopener noreferrer\" onclick=\"return true;\" alt=\"\"><svg xmlns=\"https:\/\/www.w3.org\/2000\/svg\" viewBox=\"0 0 448 512\"><path d=\"M246.6 233.4l-160-160c-12.5-12.5-32.75-12.5-45.25 0s-12.5 32.75 0 45.25L178.8 256l-137.4 137.4c-12.5 12.5-12.5 32.75 0 45.25C47.63 444.9 55.81 448 64 448s16.38-3.125 22.62-9.375l160-160C259.1 266.1 259.1 245.9 246.6 233.4zM438.6 233.4l-160-160c-12.5-12.5-32.75-12.5-45.25 0s-12.5 32.75 0 45.25L370.8 256l-137.4 137.4c-12.5 12.5-12.5 32.75 0 45.25C239.6 444.9 247.8 448 256 448s16.38-3.125 22.62-9.375l160-160C451.1 266.1 451.1 245.9 438.6 233.4z\"><\/path><\/svg><span class=\"uagb-inline-editing\">ver mas<\/span><\/a><\/div><\/div><\/div>\n<\/div>\n<\/div><\/div>\n\n\n\n<div class=\"wp-block-uagb-container uagb-block-79d67cba alignfull uagb-is-root-container\"><div class=\"uagb-container-inner-blocks-wrap\">\n<div class=\"wp-block-uagb-container uagb-block-a66d929e\">\n<div class=\"wp-block-uagb-info-box uagb-block-3f8913c2 uagb-infobox__content-wrap  uagb-infobox-icon-above-title uagb-infobox-image-valign-top\"><div class=\"uagb-ifb-content\"><div class=\"uagb-ifb-title-wrap\"><h3 class=\"uagb-ifb-title\">Otros<\/h3><\/div><p class=\"uagb-ifb-desc\">En CORSEING S.A.S estamos 100% concentrados en la satisfacci\u00f3n de nuestros clientes finales los usuarios que har\u00e1n uso de los sistemas que dise\u00f1amos y construimos, por eso contamos con un equipo para consultor\u00edas, gigantograf\u00edas, gr\u00faa para montajes y toma de reflectividad.<\/p><div class=\"uagb-ifb-button-wrapper wp-block-button\"><a href=\"https:\/\/corseing.com.co\/index.php\/servicios\/otros\/\" class=\"uagb-infobox-cta-link wp-block-button__link\" target=\"_self\" rel=\"noopener noreferrer\" onclick=\"return true;\" alt=\"\"><svg xmlns=\"https:\/\/www.w3.org\/2000\/svg\" viewBox=\"0 0 448 512\"><path d=\"M246.6 233.4l-160-160c-12.5-12.5-32.75-12.5-45.25 0s-12.5 32.75 0 45.25L178.8 256l-137.4 137.4c-12.5 12.5-12.5 32.75 0 45.25C47.63 444.9 55.81 448 64 448s16.38-3.125 22.62-9.375l160-160C259.1 266.1 259.1 245.9 246.6 233.4zM438.6 233.4l-160-160c-12.5-12.5-32.75-12.5-45.25 0s-12.5 32.75 0 45.25L370.8 256l-137.4 137.4c-12.5 12.5-12.5 32.75 0 45.25C239.6 444.9 247.8 448 256 448s16.38-3.125 22.62-9.375l160-160C451.1 266.1 451.1 245.9 438.6 233.4z\"><\/path><\/svg><span class=\"uagb-inline-editing\">ver mas<\/span><\/a><\/div><\/div><\/div>\n<\/div>\n\n\n\n<div class=\"wp-block-uagb-container uagb-block-fb2e622d\">\n<div class=\"wp-block-uagb-image aligncenter uagb-block-de469619 wp-block-uagb-image--layout-default wp-block-uagb-image--effect-static wp-block-uagb-image--align-center\"><figure class=\"wp-block-uagb-image__figure\"><img decoding=\"async\" srcset=\"https:\/\/corseing.com.co\/wp-content\/uploads\/2023\/03\/Diseno-sin-titulo-1-1.png , http:\/\/jesvam.com\/wp-content\/uploads\/2021\/03\/personal-injury-template-car-accident-img.jpg 360w\" src=\"https:\/\/corseing.com.co\/wp-content\/uploads\/2023\/03\/Diseno-sin-titulo-1-1.png\" alt=\"\" class=\"uag-image-1395\" width=\"500\" height=\"700\" title=\"\" loading=\"lazy\"\/><\/figure><\/div>\n<\/div>\n<\/div><\/div>\n<\/div><\/div>\n\n\n\n<div class=\"wp-block-uagb-container uagb-block-8fb9f5ad alignfull uagb-is-root-container\"><div class=\"uagb-container-inner-blocks-wrap\">\n<div class=\"wp-block-uagb-advanced-heading uagb-block-6a7a0928\"><h2 class=\"uagb-heading-text\">Nuestra Experiencia en Se\u00f1alizaci\u00f3n<\/h2><\/div>\n\n\n\n<div class=\"wp-block-uagb-container uag-hide-tab uag-hide-mob uagb-block-6f88b0aa alignfull uagb-is-root-container\"><div class=\"uagb-container-inner-blocks-wrap\">\n<div class=\"wp-block-uagb-container uagb-block-405d23c1\">\n<div class=\"wp-block-uagb-image uagb-block-1de9be53 wp-block-uagb-image--layout-default wp-block-uagb-image--effect-static wp-block-uagb-image--align-none\"><figure class=\"wp-block-uagb-image__figure\"><img decoding=\"async\" srcset=\"https:\/\/corseing.com.co\/wp-content\/uploads\/2023\/04\/Sin-titulo-600-\u00d7-1000-px-600-\u00d7-1200-px.png \" src=\"https:\/\/corseing.com.co\/wp-content\/uploads\/2023\/04\/Sin-titulo-600-\u00d7-1000-px-600-\u00d7-1200-px.png\" alt=\"\" class=\"uag-image-1830\" width=\"600\" height=\"1200\" title=\"\" loading=\"lazy\"\/><\/figure><\/div>\n\n\n\n<div class=\"wp-block-uagb-image uagb-block-6a84408c wp-block-uagb-image--layout-default wp-block-uagb-image--effect-static wp-block-uagb-image--align-none\"><figure class=\"wp-block-uagb-image__figure\"><img decoding=\"async\" srcset=\"https:\/\/corseing.com.co\/wp-content\/uploads\/2023\/04\/Sin-titulo-600-\u00d7-1000-px-600-\u00d7-1200-px-2.png \" src=\"https:\/\/corseing.com.co\/wp-content\/uploads\/2023\/04\/Sin-titulo-600-\u00d7-1000-px-600-\u00d7-1200-px-2.png\" alt=\"\" class=\"uag-image-1835\" width=\"600\" height=\"1200\" title=\"\" loading=\"lazy\"\/><\/figure><\/div>\n\n\n\n<div class=\"wp-block-uagb-image aligncenter uagb-block-306b36ab wp-block-uagb-image--layout-default wp-block-uagb-image--effect-static wp-block-uagb-image--align-center\"><figure class=\"wp-block-uagb-image__figure\"><img decoding=\"async\" srcset=\"https:\/\/corseing.com.co\/wp-content\/uploads\/2023\/04\/Sin-titulo-600-\u00d7-1000-px-600-\u00d7-1200-px-600-\u00d7-465-px.png \" src=\"https:\/\/corseing.com.co\/wp-content\/uploads\/2023\/04\/Sin-titulo-600-\u00d7-1000-px-600-\u00d7-1200-px-600-\u00d7-465-px.png\" alt=\"\" class=\"uag-image-1839\" width=\"600\" height=\"465\" title=\"\" loading=\"lazy\"\/><\/figure><\/div>\n<\/div>\n\n\n\n<div class=\"wp-block-uagb-container uagb-block-4b0c065c\">\n<div class=\"wp-block-uagb-image uagb-block-fe718397 wp-block-uagb-image--layout-default wp-block-uagb-image--effect-static wp-block-uagb-image--align-none\"><figure class=\"wp-block-uagb-image__figure\"><img decoding=\"async\" srcset=\"https:\/\/corseing.com.co\/wp-content\/uploads\/2023\/04\/Sin-titulo-600-\u00d7-1000-px-600-\u00d7-1200-px-1.png \" src=\"https:\/\/corseing.com.co\/wp-content\/uploads\/2023\/04\/Sin-titulo-600-\u00d7-1000-px-600-\u00d7-1200-px-1.png\" alt=\"\" class=\"uag-image-1832\" width=\"600\" height=\"1200\" title=\"\" loading=\"lazy\"\/><\/figure><\/div>\n\n\n\n<div class=\"wp-block-uagb-image uagb-block-470043bd wp-block-uagb-image--layout-default wp-block-uagb-image--effect-static wp-block-uagb-image--align-none\"><figure class=\"wp-block-uagb-image__figure\"><img decoding=\"async\" srcset=\"https:\/\/corseing.com.co\/wp-content\/uploads\/2023\/04\/Sin-titulo-600-\u00d7-1000-px-600-\u00d7-1200-px-3.png \" src=\"https:\/\/corseing.com.co\/wp-content\/uploads\/2023\/04\/Sin-titulo-600-\u00d7-1000-px-600-\u00d7-1200-px-3.png\" alt=\"\" class=\"uag-image-1836\" width=\"600\" height=\"1200\" title=\"\" loading=\"lazy\"\/><\/figure><\/div>\n<\/div>\n<\/div><\/div>\n\n\n\n<div class=\"wp-block-uagb-container uag-hide-desktop uagb-block-e4daf806 alignfull uagb-is-root-container\"><div class=\"uagb-container-inner-blocks-wrap\">\n<div class=\"wp-block-uagb-container uagb-block-8df2ba5e\">\n<div class=\"wp-block-uagb-image uagb-block-1e408995 wp-block-uagb-image--layout-default wp-block-uagb-image--effect-static wp-block-uagb-image--align-none\"><figure class=\"wp-block-uagb-image__figure\"><img decoding=\"async\" srcset=\"https:\/\/corseing.com.co\/wp-content\/uploads\/2023\/04\/Sin-titulo-600-\u00d7-1000-px-600-\u00d7-1200-px.png \" src=\"https:\/\/corseing.com.co\/wp-content\/uploads\/2023\/04\/Sin-titulo-600-\u00d7-1000-px-600-\u00d7-1200-px.png\" alt=\"\" class=\"uag-image-1830\" width=\"600\" height=\"1200\" title=\"\" loading=\"lazy\"\/><\/figure><\/div>\n\n\n\n<div class=\"wp-block-uagb-image uagb-block-5a2446ed wp-block-uagb-image--layout-default wp-block-uagb-image--effect-static wp-block-uagb-image--align-none\"><figure class=\"wp-block-uagb-image__figure\"><img decoding=\"async\" srcset=\"https:\/\/corseing.com.co\/wp-content\/uploads\/2023\/04\/Sin-titulo-600-\u00d7-1000-px-600-\u00d7-1200-px-1.png \" src=\"https:\/\/corseing.com.co\/wp-content\/uploads\/2023\/04\/Sin-titulo-600-\u00d7-1000-px-600-\u00d7-1200-px-1.png\" alt=\"\" class=\"uag-image-1832\" width=\"600\" height=\"1200\" title=\"\" loading=\"lazy\"\/><\/figure><\/div>\n\n\n\n<div class=\"wp-block-uagb-image aligncenter uagb-block-e3dfce0c wp-block-uagb-image--layout-default wp-block-uagb-image--effect-static wp-block-uagb-image--align-center\"><figure class=\"wp-block-uagb-image__figure\"><img decoding=\"async\" srcset=\"https:\/\/corseing.com.co\/wp-content\/uploads\/2023\/04\/Sin-titulo-600-\u00d7-1000-px-600-\u00d7-1200-px-2.png \" src=\"https:\/\/corseing.com.co\/wp-content\/uploads\/2023\/04\/Sin-titulo-600-\u00d7-1000-px-600-\u00d7-1200-px-2.png\" alt=\"\" class=\"uag-image-1835\" width=\"600\" height=\"1200\" title=\"\" loading=\"lazy\"\/><\/figure><\/div>\n<\/div>\n\n\n\n<div class=\"wp-block-uagb-container uagb-block-d1b779f5\">\n<div class=\"wp-block-uagb-image uagb-block-089bff2a wp-block-uagb-image--layout-default wp-block-uagb-image--effect-static wp-block-uagb-image--align-none\"><figure class=\"wp-block-uagb-image__figure\"><img decoding=\"async\" srcset=\"https:\/\/corseing.com.co\/wp-content\/uploads\/2023\/04\/Sin-titulo-600-\u00d7-1000-px-600-\u00d7-1200-px-3.png \" src=\"https:\/\/corseing.com.co\/wp-content\/uploads\/2023\/04\/Sin-titulo-600-\u00d7-1000-px-600-\u00d7-1200-px-3.png\" alt=\"\" class=\"uag-image-1836\" width=\"600\" height=\"1200\" title=\"\" loading=\"lazy\"\/><\/figure><\/div>\n\n\n\n<div class=\"wp-block-uagb-image uagb-block-a7a3569d wp-block-uagb-image--layout-default wp-block-uagb-image--effect-static wp-block-uagb-image--align-none\"><figure class=\"wp-block-uagb-image__figure\"><img decoding=\"async\" srcset=\"https:\/\/corseing.com.co\/wp-content\/uploads\/2023\/04\/Sin-titulo-600-\u00d7-1000-px-600-\u00d7-1200-px-600-\u00d7-465-px.png \" src=\"https:\/\/corseing.com.co\/wp-content\/uploads\/2023\/04\/Sin-titulo-600-\u00d7-1000-px-600-\u00d7-1200-px-600-\u00d7-465-px.png\" alt=\"\" class=\"uag-image-1839\" width=\"600\" height=\"465\" title=\"\" loading=\"lazy\"\/><\/figure><\/div>\n<\/div>\n<\/div><\/div>\n<\/div><\/div>\n\n\n\n<div class=\"wp-block-uagb-container uagb-block-d7e15609 alignfull uagb-is-root-container\"><div class=\"uagb-container-inner-blocks-wrap\">\n<div class=\"wp-block-uagb-container uagb-block-5ef5ecd7\">\n<div class=\"wp-block-uagb-container uagb-block-0a9cc30a\">\n<div class=\"wp-block-uagb-image aligncenter uagb-block-64b1e10b wp-block-uagb-image--layout-default wp-block-uagb-image--effect-static wp-block-uagb-image--align-center\"><figure class=\"wp-block-uagb-image__figure\"><img decoding=\"async\" srcset=\"https:\/\/corseing.com.co\/wp-content\/uploads\/2023\/03\/1-proyectos-3.png , https:\/\/corseing.com.co\/wp-content\/uploads\/2023\/03\/1-proyectos-3.png 360w\" src=\"https:\/\/corseing.com.co\/wp-content\/uploads\/2023\/03\/1-proyectos-3.png\" alt=\"\" class=\"uag-image-1264\" width=\"400\" height=\"400\" title=\"\" loading=\"lazy\"\/><\/figure><\/div>\n<\/div>\n<\/div>\n\n\n\n<div class=\"wp-block-uagb-container uagb-block-003cf4fc\">\n<div class=\"wp-block-uagb-container uagb-block-3439379b\">\n<div class=\"wp-block-uagb-advanced-heading uagb-block-1aeed1bf\"><h2 class=\"uagb-heading-text\">cotiza tu proyecto:<\/h2><\/div>\n\n\n<div class=\"wpforms-container wpforms-block\" id=\"wpforms-895\"><form id=\"wpforms-form-895\" class=\"wpforms-validate wpforms-form\" data-formid=\"895\" method=\"post\" enctype=\"multipart\/form-data\" action=\"\/index.php\/wp-json\/wp\/v2\/pages\/922\" data-token=\"c20ea2b0ccff07942d98499d7255f199\" data-token-time=\"1777539247\"><noscript class=\"wpforms-error-noscript\">Por favor, activa JavaScript en tu navegador para completar este formulario.<\/noscript><div class=\"wpforms-field-container\"><div id=\"wpforms-895-field_0-container\" class=\"wpforms-field wpforms-field-name\" data-field-id=\"0\"><label class=\"wpforms-field-label wpforms-label-hide\" for=\"wpforms-895-field_0\">Nombre <span class=\"wpforms-required-label\">*<\/span><\/label><input type=\"text\" id=\"wpforms-895-field_0\" class=\"wpforms-field-large wpforms-field-required\" name=\"wpforms[fields][0]\" placeholder=\"Tu nombre\" required><\/div><div id=\"wpforms-895-field_1-container\" class=\"wpforms-field wpforms-field-email\" data-field-id=\"1\"><label class=\"wpforms-field-label wpforms-label-hide\" for=\"wpforms-895-field_1\">Email <span class=\"wpforms-required-label\">*<\/span><\/label><input type=\"email\" id=\"wpforms-895-field_1\" class=\"wpforms-field-large wpforms-field-required\" name=\"wpforms[fields][1]\" placeholder=\"Direcci\u00f3n de email\" spellcheck=\"false\" required><\/div><div id=\"wpforms-895-field_6-container\" class=\"wpforms-field wpforms-field-number\" data-field-id=\"6\"><label class=\"wpforms-field-label wpforms-label-hide\" for=\"wpforms-895-field_6\">Celular<\/label><input type=\"number\" id=\"wpforms-895-field_6\" class=\"wpforms-field-large\" name=\"wpforms[fields][6]\" placeholder=\"Numero de celular\" ><\/div><div id=\"wpforms-895-field_2-container\" class=\"wpforms-field wpforms-field-textarea\" data-field-id=\"2\"><label class=\"wpforms-field-label wpforms-label-hide\" for=\"wpforms-895-field_2\">Asunto <span class=\"wpforms-required-label\">*<\/span><\/label><textarea id=\"wpforms-895-field_2\" class=\"wpforms-field-medium wpforms-field-required\" name=\"wpforms[fields][2]\" placeholder=\"\u00bfQue servicio requieres?\" required><\/textarea><\/div><\/div><!-- .wpforms-field-container --><div class=\"wpforms-field wpforms-field-hp\"><label for=\"wpforms-895-field-hp\" class=\"wpforms-field-label\">Phone<\/label><input type=\"text\" name=\"wpforms[hp]\" id=\"wpforms-895-field-hp\" class=\"wpforms-field-medium\"><\/div><div class=\"wpforms-submit-container\" ><input type=\"hidden\" name=\"wpforms[id]\" value=\"895\"><input type=\"hidden\" name=\"page_title\" value=\"\"><input type=\"hidden\" name=\"page_url\" value=\"https:\/\/corseing.com.co\/index.php\/wp-json\/wp\/v2\/pages\/922\"><button type=\"submit\" name=\"wpforms[submit]\" id=\"wpforms-submit-895\" class=\"wpforms-submit\" data-alt-text=\"Enviando...\" data-submit-text=\"Enviar\" aria-live=\"assertive\" value=\"wpforms-submit\">Enviar<\/button><\/div><\/form><\/div>  <!-- .wpforms-container --><\/div>\n<\/div>\n<\/div><\/div>\n\n\n\n<div style=\"height:30px\" aria-hidden=\"true\" class=\"wp-block-spacer uag-hide-tab uag-hide-mob\"><\/div>\n\n\n\n<div class=\"wp-block-uagb-image alignfull uagb-block-87532e9f wp-block-uagb-image--layout-default wp-block-uagb-image--effect-static wp-block-uagb-image--align-full uag-hide-tab uag-hide-mob\"><figure class=\"wp-block-uagb-image__figure\"><img decoding=\"async\" srcset=\"https:\/\/corseing.com.co\/wp-content\/uploads\/2023\/03\/CLIENTES-CORSEING-1-2.png , https:\/\/corseing.com.co\/wp-content\/uploads\/2023\/03\/CLIENTES-CORSEING-1-2-1024x85.png 360w\" src=\"https:\/\/corseing.com.co\/wp-content\/uploads\/2023\/03\/CLIENTES-CORSEING-1-2.png\" alt=\"\" class=\"uag-image-1268\" width=\"3000\" height=\"250\" title=\"\" loading=\"lazy\"\/><\/figure><\/div>\n\n\n\n<div class=\"wp-block-uagb-image aligncenter uagb-block-acadb2cf wp-block-uagb-image--layout-default wp-block-uagb-image--effect-static wp-block-uagb-image--align-center uag-hide-desktop\"><figure class=\"wp-block-uagb-image__figure\"><img decoding=\"async\" srcset=\"https:\/\/corseing.com.co\/wp-content\/uploads\/2023\/03\/Copia-de-CLIENTES-CORSEING-1500-\u00d7-450-px-1250-\u00d7-400-px.png , https:\/\/corseing.com.co\/wp-content\/uploads\/2023\/03\/Copia-de-CLIENTES-CORSEING-1500-\u00d7-450-px-1250-\u00d7-400-px.png 360w\" src=\"https:\/\/corseing.com.co\/wp-content\/uploads\/2023\/03\/Copia-de-CLIENTES-CORSEING-1500-\u00d7-450-px-1250-\u00d7-400-px.png\" alt=\"\" class=\"uag-image-1489\" width=\"\" height=\"\" title=\"\" loading=\"lazy\"\/><\/figure><\/div>\n\n\n\n<div style=\"height:30px\" aria-hidden=\"true\" class=\"wp-block-spacer\"><\/div>\n","protected":false},"excerpt":{"rendered":"<p>servicios Nuestra Experiencia en Se\u00f1alizaci\u00f3n cotiza tu proyecto:<\/p>\n","protected":false},"author":1,"featured_media":0,"parent":0,"menu_order":0,"comment_status":"closed","ping_status":"closed","template":"","meta":{"_uag_custom_page_level_css":"","site-sidebar-layout":"default","site-content-layout":"plain-container","ast-global-header-display":"","ast-main-header-display":"","ast-hfb-above-header-display":"","ast-hfb-below-header-display":"","ast-hfb-mobile-header-display":"","site-post-title":"disabled","ast-breadcrumbs-content":"","ast-featured-img":"","footer-sml-layout":"","theme-transparent-header-meta":"enabled","adv-header-id-meta":"","stick-header-meta":"","header-above-stick-meta":"","header-main-stick-meta":"","header-below-stick-meta":"","_joinchat":[],"footnotes":""},"uagb_featured_image_src":{"full":false,"thumbnail":false,"medium":false,"medium_large":false,"large":false,"1536x1536":false,"2048x2048":false},"uagb_author_info":{"display_name":"rodyavila04@gmail.com","author_link":"https:\/\/corseing.com.co\/index.php\/author\/rodyavila04gmail-com\/"},"uagb_comment_info":0,"uagb_excerpt":"servicios Nuestra Experiencia en Se\u00f1alizaci\u00f3n cotiza tu proyecto:","_links":{"self":[{"href":"https:\/\/corseing.com.co\/index.php\/wp-json\/wp\/v2\/pages\/922"}],"collection":[{"href":"https:\/\/corseing.com.co\/index.php\/wp-json\/wp\/v2\/pages"}],"about":[{"href":"https:\/\/corseing.com.co\/index.php\/wp-json\/wp\/v2\/types\/page"}],"author":[{"embeddable":true,"href":"https:\/\/corseing.com.co\/index.php\/wp-json\/wp\/v2\/users\/1"}],"replies":[{"embeddable":true,"href":"https:\/\/corseing.com.co\/index.php\/wp-json\/wp\/v2\/comments?post=922"}],"version-history":[{"count":34,"href":"https:\/\/corseing.com.co\/index.php\/wp-json\/wp\/v2\/pages\/922\/revisions"}],"predecessor-version":[{"id":1971,"href":"https:\/\/corseing.com.co\/index.php\/wp-json\/wp\/v2\/pages\/922\/revisions\/1971"}],"wp:attachment":[{"href":"https:\/\/corseing.com.co\/index.php\/wp-json\/wp\/v2\/media?parent=922"}],"curies":[{"name":"wp","href":"https:\/\/api.w.org\/{rel}","templated":true}]}}